{"id":659,"date":"2021-07-13T21:24:06","date_gmt":"2021-07-13T21:24:06","guid":{"rendered":"https:\/\/thov.be\/?page_id=659"},"modified":"2024-08-02T06:51:26","modified_gmt":"2024-08-02T06:51:26","slug":"reservation","status":"publish","type":"page","link":"https:\/\/thov.be\/fr\/reservation\/","title":{"rendered":"R\u00e9servation"},"content":{"rendered":"<p>[et_pb_section fb_built=\u00a0\u00bb1&Prime; fullwidth=\u00a0\u00bbon\u00a0\u00bb _builder_version=\u00a0\u00bb4.17.4&Prime; _module_preset=\u00a0\u00bbdefault\u00a0\u00bb background_image=\u00a0\u00bbhttps:\/\/thov.be\/wp-content\/uploads\/2022\/06\/thov-reserveren.jpg\u00a0\u00bb custom_padding=\u00a0\u00bb0px||||false|false\u00a0\u00bb bottom_divider_flip=\u00a0\u00bbhorizontal|vertical\u00a0\u00bb global_colors_info=\u00a0\u00bb{}\u00a0\u00bb][et_pb_fullwidth_header title=\u00a0\u00bbR\u00e9server\u00a0\u00bb background_overlay_color=\u00a0\u00bbrgba(13,13,13,0.06)\u00a0\u00bb _builder_version=\u00a0\u00bb4.16&Prime; _module_preset=\u00a0\u00bbdefault\u00a0\u00bb title_font=\u00a0\u00bb|700|||||||\u00a0\u00bb title_text_align=\u00a0\u00bbleft\u00a0\u00bb title_font_size=\u00a0\u00bb75px\u00a0\u00bb title_letter_spacing=\u00a0\u00bb3px\u00a0\u00bb title_line_height=\u00a0\u00bb1.7em\u00a0\u00bb subhead_text_align=\u00a0\u00bbcenter\u00a0\u00bb subhead_text_color=\u00a0\u00bb#FFFFFF\u00a0\u00bb subhead_font_size=\u00a0\u00bb43px\u00a0\u00bb background_enable_color=\u00a0\u00bboff\u00a0\u00bb custom_button_one=\u00a0\u00bbon\u00a0\u00bb button_one_text_color=\u00a0\u00bb#FFFFFF\u00a0\u00bb button_one_bg_color=\u00a0\u00bb#BF0436&Prime; button_one_border_width=\u00a0\u00bb0px\u00a0\u00bb button_one_icon=\u00a0\u00bb&#x39;||divi||400&Prime; button_one_custom_margin=\u00a0\u00bb50px||||false|false\u00a0\u00bb height=\u00a0\u00bb30vh\u00a0\u00bb custom_margin=\u00a0\u00bb||||false|false\u00a0\u00bb custom_padding=\u00a0\u00bb100px||||false|false\u00a0\u00bb title_font_size_tablet=\u00a0\u00bb\u00a0\u00bb title_font_size_phone=\u00a0\u00bb50px\u00a0\u00bb title_font_size_last_edited=\u00a0\u00bbon|phone\u00a0\u00bb title_text_shadow_style=\u00a0\u00bbpreset1&Prime; subhead_text_shadow_style=\u00a0\u00bbpreset1&Prime; global_colors_info=\u00a0\u00bb{}\u00a0\u00bb][\/et_pb_fullwidth_header][\/et_pb_section][et_pb_section fb_built=\u00a0\u00bb1&Prime; _builder_version=\u00a0\u00bb4.16&Prime; _module_preset=\u00a0\u00bbdefault\u00a0\u00bb locked=\u00a0\u00bboff\u00a0\u00bb global_colors_info=\u00a0\u00bb{}\u00a0\u00bb][et_pb_row _builder_version=\u00a0\u00bb4.17.4&Prime; _module_preset=\u00a0\u00bbdefault\u00a0\u00bb custom_padding=\u00a0\u00bb||2px|||\u00a0\u00bb global_colors_info=\u00a0\u00bb{}\u00a0\u00bb][et_pb_column type=\u00a0\u00bb4_4&Prime; _builder_version=\u00a0\u00bb4.16&Prime; _module_preset=\u00a0\u00bbdefault\u00a0\u00bb global_colors_info=\u00a0\u00bb{}\u00a0\u00bb][et_pb_text _builder_version=\u00a0\u00bb4.17.4&Prime; _module_preset=\u00a0\u00bbdefault\u00a0\u00bb global_colors_info=\u00a0\u00bb{}\u00a0\u00bb]<\/p>\n<h2>R\u00e9server<\/h2>\n<p>Les r\u00e9servation peuvent \u00eatre faites en envoyant un e-mail \u00e0 <a href=\"mailto:info@thov.be\">info@thov.be<\/a> ou en appelant le <a href=\"tel:0032479579619\">0032479 57 96 19<\/a><\/p>\n<p>&lsquo;t Hov est \u00ab\u00a0confort pr\u00eat \u00e0 emm\u00e9nager\u00a0\u00bb, nous offrons gratuitement les articles suivants: \u00e9lectricit\u00e9, eau, chauffage, nettoyage final, lits faits, papier toilette, linge de cuisine, liquide vaisselle, tablettes pour lave-vaisselle, herbes de cuisine, sacs poubelles, wifi.<\/p>\n<p><strong><span style=\"text-decoration: underline;\">Non inclus dans le prix<\/span><\/strong>: Linge de lit et de bain, forfait linge obligatoire 10 \u20ac \/ pp (\u00e0 partir de 3 ans)<\/p>\n<p>S\u2019il vous pla\u00eet laisser tout le balai propre.<\/p>\n<p>[\/et_pb_text][\/et_pb_column][\/et_pb_row][et_pb_row column_structure=\u00a0\u00bb1_4,1_4,1_4,1_4&Prime; use_custom_gutter=\u00a0\u00bbon\u00a0\u00bb gutter_width=\u00a0\u00bb2&Prime; _builder_version=\u00a0\u00bb4.17.4&Prime; _module_preset=\u00a0\u00bbdefault\u00a0\u00bb min_height=\u00a0\u00bb292px\u00a0\u00bb custom_padding=\u00a0\u00bb96px|||||\u00a0\u00bb global_colors_info=\u00a0\u00bb{}\u00a0\u00bb][et_pb_column type=\u00a0\u00bb1_4&Prime; _builder_version=\u00a0\u00bb4.16&Prime; _module_preset=\u00a0\u00bbdefault\u00a0\u00bb global_colors_info=\u00a0\u00bb{}\u00a0\u00bb][et_pb_blurb title=\u00a0\u00bbWeek-end\u00a0\u00bb _builder_version=\u00a0\u00bb4.17.4&Prime; _module_preset=\u00a0\u00bbdefault\u00a0\u00bb header_level=\u00a0\u00bbh2&Prime; header_font_size=\u00a0\u00bb28px\u00a0\u00bb global_colors_info=\u00a0\u00bb{}\u00a0\u00bb]<\/p>\n<p><strong>Week-end pour 2 nuits<\/strong><br \/>\u20ac 1.750<\/p>\n<p><strong>Arriv\u00e9e<\/strong><br \/>Vendredi de 16 h<\/p>\n<p><strong>D\u00e9part<br \/><\/strong>Dimanche 19 h<\/p>\n<p>[\/et_pb_blurb][\/et_pb_column][et_pb_column type=\u00a0\u00bb1_4&Prime; _builder_version=\u00a0\u00bb4.16&Prime; _module_preset=\u00a0\u00bbdefault\u00a0\u00bb global_colors_info=\u00a0\u00bb{}\u00a0\u00bb][et_pb_blurb title=\u00a0\u00bbWeek-end\u00a0\u00bb _builder_version=\u00a0\u00bb4.17.4&Prime; _module_preset=\u00a0\u00bbdefault\u00a0\u00bb header_level=\u00a0\u00bbh2&Prime; header_font_size=\u00a0\u00bb28px\u00a0\u00bb locked=\u00a0\u00bboff\u00a0\u00bb global_colors_info=\u00a0\u00bb{}\u00a0\u00bb]<\/p>\n<p><strong>Week-end pour 3 nuits<\/strong><br \/>\u20ac 1.850\u00a0<\/p>\n<p><strong>Arriv\u00e9e<\/strong><br \/>Vendredi de 16 h<\/p>\n<p><strong>D\u00e9part<br \/><\/strong>Lundi 10 h<\/p>\n<p>[\/et_pb_blurb][\/et_pb_column][et_pb_column type=\u00a0\u00bb1_4&Prime; _builder_version=\u00a0\u00bb4.16&Prime; _module_preset=\u00a0\u00bbdefault\u00a0\u00bb global_colors_info=\u00a0\u00bb{}\u00a0\u00bb][et_pb_blurb title=\u00a0\u00bbMid-week\u00a0\u00bb _builder_version=\u00a0\u00bb4.17.4&Prime; _module_preset=\u00a0\u00bbdefault\u00a0\u00bb header_level=\u00a0\u00bbh2&Prime; header_font_size=\u00a0\u00bb28px\u00a0\u00bb locked=\u00a0\u00bboff\u00a0\u00bb global_colors_info=\u00a0\u00bb{}\u00a0\u00bb]<\/p>\n<p>\u20ac 1.550<\/p>\n<p><strong>Arriv\u00e9e<\/strong><br \/>Lundi 16 h<\/p>\n<p><strong>D\u00e9part<br \/><\/strong>Vendredi 10 h<\/p>\n<p>[\/et_pb_blurb][\/et_pb_column][et_pb_column type=\u00a0\u00bb1_4&Prime; _builder_version=\u00a0\u00bb4.16&Prime; _module_preset=\u00a0\u00bbdefault\u00a0\u00bb global_colors_info=\u00a0\u00bb{}\u00a0\u00bb][et_pb_blurb title=\u00a0\u00bbWeek\u00a0\u00bb _builder_version=\u00a0\u00bb4.17.4&Prime; _module_preset=\u00a0\u00bbdefault\u00a0\u00bb header_level=\u00a0\u00bbh2&Prime; header_font_size=\u00a0\u00bb28px\u00a0\u00bb locked=\u00a0\u00bboff\u00a0\u00bb global_colors_info=\u00a0\u00bb{}\u00a0\u00bb]<\/p>\n<p>\u20ac 2.350<\/p>\n<p><strong>Arriv\u00e9e<\/strong><br \/>Lundi 16 h<br \/>ou Vendredi 17 h<\/p>\n<p><strong>D\u00e9part<br \/><\/strong>Lundi prochain 10 h<br \/>ou Vendredi prochain 10 h<\/p>\n<p>[\/et_pb_blurb][\/et_pb_column][\/et_pb_row][et_pb_row _builder_version=\u00a0\u00bb4.16&Prime; _module_preset=\u00a0\u00bbdefault\u00a0\u00bb global_colors_info=\u00a0\u00bb{}\u00a0\u00bb][et_pb_column type=\u00a0\u00bb4_4&Prime; _builder_version=\u00a0\u00bb4.16&Prime; _module_preset=\u00a0\u00bbdefault\u00a0\u00bb global_colors_info=\u00a0\u00bb{}\u00a0\u00bb][et_pb_text _builder_version=\u00a0\u00bb4.17.4&Prime; _module_preset=\u00a0\u00bbdefault\u00a0\u00bb global_colors_info=\u00a0\u00bb{}\u00a0\u00bb]<\/p>\n<h2>\u00a0Taux sp\u00e9ciaux<\/h2>\n<p>En principe, la maison n&rsquo;est lou\u00e9e que pour un minimum de 2 nuits. La location \u00e0 la nuit\u00e9e est sur demande et n&rsquo;est pas possible pendant les vacances scolaires et les week-ends prolong\u00e9s.<\/p>\n<p style=\"font-weight: 400;\">Pendant les vacances scolaires, la maison peut \u00eatre lou\u00e9e par des groupes plus petits pendant la semaine. Renseignez-vous \u00e0 ce sujet.<br \/>Le tarif pour les petits groupes ne s&rsquo;applique pas aux locations de week-end.<\/p>\n<p>[\/et_pb_text][wpbs_divi_single_calendar id=\u00a0\u00bb1&Prime; form_id=\u00a0\u00bb1&Prime; title=\u00a0\u00bbno\u00a0\u00bb legend_position=\u00a0\u00bbbottom\u00a0\u00bb display=\u00a0\u00bb3&Prime; dropdown=\u00a0\u00bbno\u00a0\u00bb highlighttoday=\u00a0\u00bbyes\u00a0\u00bb minimum_days=\u00a0\u00bb3&Prime; show_date_selection=\u00a0\u00bbyes\u00a0\u00bb disabled_on=\u00a0\u00bboff|off|off\u00a0\u00bb _builder_version=\u00a0\u00bb4.17.4&Prime; _module_preset=\u00a0\u00bbdefault\u00a0\u00bb locked=\u00a0\u00bboff\u00a0\u00bb global_colors_info=\u00a0\u00bb{}\u00a0\u00bb][\/wpbs_divi_single_calendar][\/et_pb_column][\/et_pb_row][et_pb_row _builder_version=\u00a0\u00bb4.16&Prime; _module_preset=\u00a0\u00bbdefault\u00a0\u00bb global_colors_info=\u00a0\u00bb{}\u00a0\u00bb][et_pb_column type=\u00a0\u00bb4_4&Prime; _builder_version=\u00a0\u00bb4.16&Prime; _module_preset=\u00a0\u00bbdefault\u00a0\u00bb global_colors_info=\u00a0\u00bb{}\u00a0\u00bb][et_pb_text _builder_version=\u00a0\u00bb4.16&Prime; _module_preset=\u00a0\u00bbdefault\u00a0\u00bb global_colors_info=\u00a0\u00bb{}\u00a0\u00bb]<\/p>\n<p>Lors de la r\u00e9servation, vous acceptez les <a href=\"https:\/\/thov.be\/fr\/termes-et-conditions\/\" target=\"_blank\" rel=\"noopener\">termes et conditions<\/a><\/p>\n<p>[\/et_pb_text][\/et_pb_column][\/et_pb_row][\/et_pb_section]<\/p>\n","protected":false},"excerpt":{"rendered":"<p>R\u00e9server Les r\u00e9servation peuvent \u00eatre faites en envoyant un e-mail \u00e0 info@thov.be ou en appelant le 0032479 57 96 19 &lsquo;t Hov est \u00ab\u00a0confort pr\u00eat \u00e0 emm\u00e9nager\u00a0\u00bb, nous offrons gratuitement les articles suivants: \u00e9lectricit\u00e9, eau, chauffage, nettoyage final, lits faits, papier toilette, linge de cuisine, liquide vaisselle, tablettes pour lave-vaisselle, herbes de cuisine, sacs poubelles, [&hellip;]<\/p>\n","protected":false},"author":2,"featured_media":0,"parent":0,"menu_order":0,"comment_status":"closed","ping_status":"closed","template":"","meta":{"_et_pb_use_builder":"on","_et_pb_old_content":"","_et_gb_content_width":""},"yoast_head":"<!-- This site is optimized with the Yoast SEO plugin v19.7.1 - https:\/\/yoast.com\/wordpress\/plugins\/seo\/ -->\n<title>R\u00e9servation - &#039;t Hov<\/title>\n<meta name=\"robots\" content=\"index, follow, max-snippet:-1, max-image-preview:large, max-video-preview:-1\" \/>\n<link rel=\"canonical\" href=\"https:\/\/thov.be\/fr\/reservation\/\" \/>\n<meta property=\"og:locale\" content=\"fr_FR\" \/>\n<meta property=\"og:type\" content=\"article\" \/>\n<meta property=\"og:title\" content=\"R\u00e9servation - &#039;t Hov\" \/>\n<meta property=\"og:description\" content=\"R\u00e9server Les r\u00e9servation peuvent \u00eatre faites en envoyant un e-mail \u00e0 info@thov.be ou en appelant le 0032479 57 96 19 &#039;t Hov est \u00ab\u00a0confort pr\u00eat \u00e0 emm\u00e9nager\u00a0\u00bb, nous offrons gratuitement les articles suivants: \u00e9lectricit\u00e9, eau, chauffage, nettoyage final, lits faits, papier toilette, linge de cuisine, liquide vaisselle, tablettes pour lave-vaisselle, herbes de cuisine, sacs poubelles, [&hellip;]\" \/>\n<meta property=\"og:url\" content=\"https:\/\/thov.be\/fr\/reservation\/\" \/>\n<meta property=\"og:site_name\" content=\"&#039;t Hov\" \/>\n<meta property=\"article:modified_time\" content=\"2024-08-02T06:51:26+00:00\" \/>\n<meta name=\"twitter:card\" content=\"summary_large_image\" \/>\n<meta name=\"twitter:label1\" content=\"Dur\u00e9e de lecture estim\u00e9e\" \/>\n\t<meta name=\"twitter:data1\" content=\"4 minutes\" \/>\n<script type=\"application\/ld+json\" class=\"yoast-schema-graph\">{\"@context\":\"https:\/\/schema.org\",\"@graph\":[{\"@type\":\"WebPage\",\"@id\":\"https:\/\/thov.be\/fr\/reservation\/\",\"url\":\"https:\/\/thov.be\/fr\/reservation\/\",\"name\":\"R\u00e9servation - &#039;t Hov\",\"isPartOf\":{\"@id\":\"https:\/\/thov.be\/#website\"},\"datePublished\":\"2021-07-13T21:24:06+00:00\",\"dateModified\":\"2024-08-02T06:51:26+00:00\",\"breadcrumb\":{\"@id\":\"https:\/\/thov.be\/fr\/reservation\/#breadcrumb\"},\"inLanguage\":\"fr-FR\",\"potentialAction\":[{\"@type\":\"ReadAction\",\"target\":[\"https:\/\/thov.be\/fr\/reservation\/\"]}]},{\"@type\":\"BreadcrumbList\",\"@id\":\"https:\/\/thov.be\/fr\/reservation\/#breadcrumb\",\"itemListElement\":[{\"@type\":\"ListItem\",\"position\":1,\"name\":\"Home\",\"item\":\"https:\/\/thov.be\/fr\/\"},{\"@type\":\"ListItem\",\"position\":2,\"name\":\"R\u00e9servation\"}]},{\"@type\":\"WebSite\",\"@id\":\"https:\/\/thov.be\/#website\",\"url\":\"https:\/\/thov.be\/\",\"name\":\"&#039;t Hov\",\"description\":\"Peacefull - nature - activity\",\"potentialAction\":[{\"@type\":\"SearchAction\",\"target\":{\"@type\":\"EntryPoint\",\"urlTemplate\":\"https:\/\/thov.be\/?s={search_term_string}\"},\"query-input\":\"required name=search_term_string\"}],\"inLanguage\":\"fr-FR\"}]}<\/script>\n<!-- \/ Yoast SEO plugin. -->","yoast_head_json":{"title":"R\u00e9servation - &#039;t Hov","robots":{"index":"index","follow":"follow","max-snippet":"max-snippet:-1","max-image-preview":"max-image-preview:large","max-video-preview":"max-video-preview:-1"},"canonical":"https:\/\/thov.be\/fr\/reservation\/","og_locale":"fr_FR","og_type":"article","og_title":"R\u00e9servation - &#039;t Hov","og_description":"R\u00e9server Les r\u00e9servation peuvent \u00eatre faites en envoyant un e-mail \u00e0 info@thov.be ou en appelant le 0032479 57 96 19 't Hov est \u00ab\u00a0confort pr\u00eat \u00e0 emm\u00e9nager\u00a0\u00bb, nous offrons gratuitement les articles suivants: \u00e9lectricit\u00e9, eau, chauffage, nettoyage final, lits faits, papier toilette, linge de cuisine, liquide vaisselle, tablettes pour lave-vaisselle, herbes de cuisine, sacs poubelles, [&hellip;]","og_url":"https:\/\/thov.be\/fr\/reservation\/","og_site_name":"&#039;t Hov","article_modified_time":"2024-08-02T06:51:26+00:00","twitter_card":"summary_large_image","twitter_misc":{"Dur\u00e9e de lecture estim\u00e9e":"4 minutes"},"schema":{"@context":"https:\/\/schema.org","@graph":[{"@type":"WebPage","@id":"https:\/\/thov.be\/fr\/reservation\/","url":"https:\/\/thov.be\/fr\/reservation\/","name":"R\u00e9servation - &#039;t Hov","isPartOf":{"@id":"https:\/\/thov.be\/#website"},"datePublished":"2021-07-13T21:24:06+00:00","dateModified":"2024-08-02T06:51:26+00:00","breadcrumb":{"@id":"https:\/\/thov.be\/fr\/reservation\/#breadcrumb"},"inLanguage":"fr-FR","potentialAction":[{"@type":"ReadAction","target":["https:\/\/thov.be\/fr\/reservation\/"]}]},{"@type":"BreadcrumbList","@id":"https:\/\/thov.be\/fr\/reservation\/#breadcrumb","itemListElement":[{"@type":"ListItem","position":1,"name":"Home","item":"https:\/\/thov.be\/fr\/"},{"@type":"ListItem","position":2,"name":"R\u00e9servation"}]},{"@type":"WebSite","@id":"https:\/\/thov.be\/#website","url":"https:\/\/thov.be\/","name":"&#039;t Hov","description":"Peacefull - nature - activity","potentialAction":[{"@type":"SearchAction","target":{"@type":"EntryPoint","urlTemplate":"https:\/\/thov.be\/?s={search_term_string}"},"query-input":"required name=search_term_string"}],"inLanguage":"fr-FR"}]}},"_links":{"self":[{"href":"https:\/\/thov.be\/fr\/wp-json\/wp\/v2\/pages\/659"}],"collection":[{"href":"https:\/\/thov.be\/fr\/wp-json\/wp\/v2\/pages"}],"about":[{"href":"https:\/\/thov.be\/fr\/wp-json\/wp\/v2\/types\/page"}],"author":[{"embeddable":true,"href":"https:\/\/thov.be\/fr\/wp-json\/wp\/v2\/users\/2"}],"replies":[{"embeddable":true,"href":"https:\/\/thov.be\/fr\/wp-json\/wp\/v2\/comments?post=659"}],"version-history":[{"count":18,"href":"https:\/\/thov.be\/fr\/wp-json\/wp\/v2\/pages\/659\/revisions"}],"predecessor-version":[{"id":1268,"href":"https:\/\/thov.be\/fr\/wp-json\/wp\/v2\/pages\/659\/revisions\/1268"}],"wp:attachment":[{"href":"https:\/\/thov.be\/fr\/wp-json\/wp\/v2\/media?parent=659"}],"curies":[{"name":"wp","href":"https:\/\/api.w.org\/{rel}","templated":true}]}}