{"id":565,"date":"2021-05-05T14:40:13","date_gmt":"2021-05-05T14:40:13","guid":{"rendered":"https:\/\/thov.be\/activites\/"},"modified":"2021-05-05T14:40:13","modified_gmt":"2021-05-05T14:40:13","slug":"activites","status":"publish","type":"page","link":"https:\/\/thov.be\/fr\/activites\/","title":{"rendered":"Activit\u00e9s"},"content":{"rendered":"<p>[et_pb_section fb_built=\u00a0\u00bb1&Prime; fullwidth=\u00a0\u00bbon\u00a0\u00bb _builder_version=\u00a0\u00bb4.9.4&Prime; _module_preset=\u00a0\u00bbdefault\u00a0\u00bb background_image=\u00a0\u00bbhttps:\/\/thov.be\/wp-content\/uploads\/2021\/04\/Thov_Selectieonbewerkt-55.jpg\u00a0\u00bb custom_padding=\u00a0\u00bb0px||||false|false\u00a0\u00bb bottom_divider_flip=\u00a0\u00bbhorizontal|vertical\u00a0\u00bb][et_pb_fullwidth_header title=\u00a0\u00bbActivit\u00e9s\u00a0\u00bb background_overlay_color=\u00a0\u00bbrgba(13,13,13,0.06)\u00a0\u00bb _builder_version=\u00a0\u00bb4.9.4&Prime; _module_preset=\u00a0\u00bbdefault\u00a0\u00bb title_font=\u00a0\u00bb|700|||||||\u00a0\u00bb title_text_align=\u00a0\u00bbleft\u00a0\u00bb title_font_size=\u00a0\u00bb71px\u00a0\u00bb title_letter_spacing=\u00a0\u00bb3px\u00a0\u00bb title_line_height=\u00a0\u00bb1.7em\u00a0\u00bb subhead_text_align=\u00a0\u00bbcenter\u00a0\u00bb subhead_text_color=\u00a0\u00bb#FFFFFF\u00a0\u00bb subhead_font_size=\u00a0\u00bb43px\u00a0\u00bb background_enable_color=\u00a0\u00bboff\u00a0\u00bb custom_button_one=\u00a0\u00bbon\u00a0\u00bb button_one_text_color=\u00a0\u00bb#FFFFFF\u00a0\u00bb button_one_bg_color=\u00a0\u00bb#BF0436&Prime; button_one_border_width=\u00a0\u00bb0px\u00a0\u00bb button_one_icon=\u00a0\u00bb%%24%%\u00a0\u00bb button_one_custom_margin=\u00a0\u00bb50px||||false|false\u00a0\u00bb height=\u00a0\u00bb30vh\u00a0\u00bb custom_margin=\u00a0\u00bb||||false|false\u00a0\u00bb custom_padding=\u00a0\u00bb100px||||false|false\u00a0\u00bb hover_enabled=\u00a0\u00bb0&Prime; title_font_size_tablet=\u00a0\u00bb\u00a0\u00bb title_font_size_phone=\u00a0\u00bb50px\u00a0\u00bb title_font_size_last_edited=\u00a0\u00bbon|phone\u00a0\u00bb title_text_shadow_style=\u00a0\u00bbpreset1&Prime; subhead_text_shadow_style=\u00a0\u00bbpreset1&Prime; sticky_enabled=\u00a0\u00bb0&Prime;][\/et_pb_fullwidth_header][\/et_pb_section][et_pb_section fb_built=\u00a0\u00bb1&Prime; _builder_version=\u00a0\u00bb4.9.4&Prime; _module_preset=\u00a0\u00bbdefault\u00a0\u00bb][et_pb_row column_structure=\u00a0\u00bb1_5,3_5,1_5&Prime; _builder_version=\u00a0\u00bb4.9.4&Prime; _module_preset=\u00a0\u00bbdefault\u00a0\u00bb][et_pb_column type=\u00a0\u00bb1_5&Prime; _builder_version=\u00a0\u00bb4.9.4&Prime; _module_preset=\u00a0\u00bbdefault\u00a0\u00bb][\/et_pb_column][et_pb_column type=\u00a0\u00bb3_5&Prime; _builder_version=\u00a0\u00bb4.9.4&Prime; _module_preset=\u00a0\u00bbdefault\u00a0\u00bb][et_pb_text _builder_version=\u00a0\u00bb4.9.4&Prime; _module_preset=\u00a0\u00bbdefault\u00a0\u00bb]<\/p>\n<p>D\u00e9couvrez la r\u00e9gion. Nous vous proposons quelques suggestions.<\/p>\n<p>[\/et_pb_text][et_pb_blurb use_icon=\u00a0\u00bbon\u00a0\u00bb font_icon=\u00a0\u00bb%%3%%\u00a0\u00bb icon_color=\u00a0\u00bb#BF0436&Prime; icon_placement=\u00a0\u00bbleft\u00a0\u00bb content_max_width=\u00a0\u00bb100%\u00a0\u00bb _builder_version=\u00a0\u00bb4.9.4&Prime; _module_preset=\u00a0\u00bbdefault\u00a0\u00bb custom_margin=\u00a0\u00bb||7px||false|false\u00a0\u00bb locked=\u00a0\u00bboff\u00a0\u00bb]<\/p>\n<div><span lang=\"FR\">cimeti<\/span><span lang=\"FR\">\u00e8<\/span><span lang=\"FR\">re militaire Tyne Cot\u00a0<\/span>\u00e0\u00a0<span lang=\"FR\">Passendale\u00a0<\/span>(3km)<br \/><a href=\"https:\/\/www.passchendaele.be\/fr\" target=\"_blank\" rel=\"noopener\">www.passchendaele.be<\/a><\/div>\n<p>[\/et_pb_blurb][et_pb_blurb use_icon=\u00a0\u00bbon\u00a0\u00bb font_icon=\u00a0\u00bb%%3%%\u00a0\u00bb icon_color=\u00a0\u00bb#BF0436&Prime; icon_placement=\u00a0\u00bbleft\u00a0\u00bb content_max_width=\u00a0\u00bb100%\u00a0\u00bb _builder_version=\u00a0\u00bb4.9.4&Prime; _module_preset=\u00a0\u00bbdefault\u00a0\u00bb custom_margin=\u00a0\u00bb||7px||false|false\u00a0\u00bb locked=\u00a0\u00bboff\u00a0\u00bb]<\/p>\n<p>Mus\u00e9e du Fromage de la vieille fromagerie (2 km)<br \/><a href=\"http:\/\/www.deoudekaasmakerij.be\" target=\"_blank\" rel=\"noopener\">www.deoudekaasmakerij.be<\/a><\/p>\n<p>[\/et_pb_blurb][et_pb_blurb use_icon=\u00a0\u00bbon\u00a0\u00bb font_icon=\u00a0\u00bb%%3%%\u00a0\u00bb icon_color=\u00a0\u00bb#BF0436&Prime; icon_placement=\u00a0\u00bbleft\u00a0\u00bb content_max_width=\u00a0\u00bb100%\u00a0\u00bb _builder_version=\u00a0\u00bb4.9.4&Prime; _module_preset=\u00a0\u00bbdefault\u00a0\u00bb custom_margin=\u00a0\u00bb||7px||false|false\u00a0\u00bb locked=\u00a0\u00bboff\u00a0\u00bb]<\/p>\n<div><span lang=\"NL\">parc d\u2019attraction Bellewaerde<\/span><\/div>\n<p>[\/et_pb_blurb][et_pb_blurb use_icon=\u00a0\u00bbon\u00a0\u00bb font_icon=\u00a0\u00bb%%3%%\u00a0\u00bb icon_color=\u00a0\u00bb#BF0436&Prime; icon_placement=\u00a0\u00bbleft\u00a0\u00bb content_max_width=\u00a0\u00bb100%\u00a0\u00bb _builder_version=\u00a0\u00bb4.9.4&Prime; _module_preset=\u00a0\u00bbdefault\u00a0\u00bb custom_margin=\u00a0\u00bb||7px||false|false\u00a0\u00bb locked=\u00a0\u00bboff\u00a0\u00bb]<\/p>\n<div><span lang=\"FR\">Domaine du ch<\/span><span lang=\"FR\">\u00e2teau et mus\u00e9e comm\u00e9moratif Passendaele 1917 \u00e0 Zonnebeke<\/span><\/div>\n<p>[\/et_pb_blurb][et_pb_blurb use_icon=\u00a0\u00bbon\u00a0\u00bb font_icon=\u00a0\u00bb%%3%%\u00a0\u00bb icon_color=\u00a0\u00bb#BF0436&Prime; icon_placement=\u00a0\u00bbleft\u00a0\u00bb content_max_width=\u00a0\u00bb100%\u00a0\u00bb _builder_version=\u00a0\u00bb4.9.4&Prime; _module_preset=\u00a0\u00bbdefault\u00a0\u00bb custom_margin=\u00a0\u00bb||7px||false|false\u00a0\u00bb locked=\u00a0\u00bboff\u00a0\u00bb]<\/p>\n<div><span lang=\"NL\">Mus<\/span><span lang=\"NL\">\u00e9<\/span><span lang=\"NL\">e in Flanders Fields\u00a0<\/span><span lang=\"NL\">\u00e0\u00a0<\/span><span lang=\"NL\">Ypres<\/span><\/div>\n<p>[\/et_pb_blurb][et_pb_blurb use_icon=\u00a0\u00bbon\u00a0\u00bb font_icon=\u00a0\u00bb%%3%%\u00a0\u00bb icon_color=\u00a0\u00bb#BF0436&Prime; icon_placement=\u00a0\u00bbleft\u00a0\u00bb content_max_width=\u00a0\u00bb100%\u00a0\u00bb _builder_version=\u00a0\u00bb4.9.4&Prime; _module_preset=\u00a0\u00bbdefault\u00a0\u00bb custom_margin=\u00a0\u00bb||7px||false|false\u00a0\u00bb locked=\u00a0\u00bboff\u00a0\u00bb]<\/p>\n<div><span lang=\"NL\">Mus<\/span><span lang=\"NL\">\u00e9<\/span><span lang=\"NL\">e de Hooge Crater\u00a0<\/span><span lang=\"NL\">\u00e0\u00a0<\/span><span lang=\"NL\">Zillebeke<\/span><\/div>\n<p>[\/et_pb_blurb][et_pb_blurb use_icon=\u00a0\u00bbon\u00a0\u00bb font_icon=\u00a0\u00bb%%3%%\u00a0\u00bb icon_color=\u00a0\u00bb#BF0436&Prime; icon_placement=\u00a0\u00bbleft\u00a0\u00bb content_max_width=\u00a0\u00bb100%\u00a0\u00bb _builder_version=\u00a0\u00bb4.9.4&Prime; _module_preset=\u00a0\u00bbdefault\u00a0\u00bb custom_margin=\u00a0\u00bb||7px||false|false\u00a0\u00bb locked=\u00a0\u00bboff\u00a0\u00bb]<\/p>\n<div><span lang=\"NL\">Mus<\/span><span lang=\"NL\">\u00e9<\/span><span lang=\"NL\">e National du cyclisme\u00a0<\/span><span lang=\"NL\">\u00e0<\/span><span lang=\"NL\"> Roeselare<\/span><\/div>\n<p>[\/et_pb_blurb][et_pb_blurb use_icon=\u00a0\u00bbon\u00a0\u00bb font_icon=\u00a0\u00bb%%3%%\u00a0\u00bb icon_color=\u00a0\u00bb#BF0436&Prime; icon_placement=\u00a0\u00bbleft\u00a0\u00bb content_max_width=\u00a0\u00bb100%\u00a0\u00bb _builder_version=\u00a0\u00bb4.9.4&Prime; _module_preset=\u00a0\u00bbdefault\u00a0\u00bb custom_margin=\u00a0\u00bb||7px||false|false\u00a0\u00bb locked=\u00a0\u00bboff\u00a0\u00bb]<\/p>\n<div><span lang=\"FR\">Itin<\/span><span lang=\"FR\">\u00e9<\/span><span lang=\"FR\">raires cyclablables, p<\/span><span lang=\"FR\">\u00e9<\/span><span lang=\"FR\">destres et sentiers<\/span><span lang=\"FR\">\u00e9\u00a0<\/span><span lang=\"FR\">questres.<\/span><\/div>\n<p>[\/et_pb_blurb][\/et_pb_column][et_pb_column type=\u00a0\u00bb1_5&Prime; _builder_version=\u00a0\u00bb4.9.4&Prime; _module_preset=\u00a0\u00bbdefault\u00a0\u00bb][\/et_pb_column][\/et_pb_row][\/et_pb_section]<\/p>\n","protected":false},"excerpt":{"rendered":"<p>D\u00e9couvrez la r\u00e9gion. Nous vous proposons quelques suggestions.cimeti\u00e8re militaire Tyne Cot\u00a0\u00e0\u00a0Passendale\u00a0(3km)www.passchendaele.beMus\u00e9e du Fromage de la vieille fromagerie (2 km)www.deoudekaasmakerij.beparc d\u2019attraction BellewaerdeDomaine du ch\u00e2teau et mus\u00e9e comm\u00e9moratif Passendaele 1917 \u00e0 ZonnebekeMus\u00e9e in Flanders Fields\u00a0\u00e0\u00a0YpresMus\u00e9e de Hooge Crater\u00a0\u00e0\u00a0ZillebekeMus\u00e9e National du cyclisme\u00a0\u00e0 RoeselareItin\u00e9raires cyclablables, p\u00e9destres et sentiers\u00e9\u00a0questres.<\/p>\n","protected":false},"author":1,"featured_media":0,"parent":0,"menu_order":0,"comment_status":"closed","ping_status":"closed","template":"","meta":{"_et_pb_use_builder":"on","_et_pb_old_content":"","_et_gb_content_width":""},"yoast_head":"<!-- This site is optimized with the Yoast SEO plugin v19.7.1 - https:\/\/yoast.com\/wordpress\/plugins\/seo\/ -->\n<title>Activit\u00e9s - &#039;t Hov<\/title>\n<meta name=\"robots\" content=\"index, follow, max-snippet:-1, max-image-preview:large, max-video-preview:-1\" \/>\n<link rel=\"canonical\" href=\"https:\/\/thov.be\/fr\/activites\/\" \/>\n<meta property=\"og:locale\" content=\"fr_FR\" \/>\n<meta property=\"og:type\" content=\"article\" \/>\n<meta property=\"og:title\" content=\"Activit\u00e9s - &#039;t Hov\" \/>\n<meta property=\"og:description\" content=\"D\u00e9couvrez la r\u00e9gion. Nous vous proposons quelques suggestions.cimeti\u00e8re militaire Tyne Cot\u00a0\u00e0\u00a0Passendale\u00a0(3km)www.passchendaele.beMus\u00e9e du Fromage de la vieille fromagerie (2 km)www.deoudekaasmakerij.beparc d\u2019attraction BellewaerdeDomaine du ch\u00e2teau et mus\u00e9e comm\u00e9moratif Passendaele 1917 \u00e0 ZonnebekeMus\u00e9e in Flanders Fields\u00a0\u00e0\u00a0YpresMus\u00e9e de Hooge Crater\u00a0\u00e0\u00a0ZillebekeMus\u00e9e National du cyclisme\u00a0\u00e0 RoeselareItin\u00e9raires cyclablables, p\u00e9destres et sentiers\u00e9\u00a0questres.\" \/>\n<meta property=\"og:url\" content=\"https:\/\/thov.be\/fr\/activites\/\" \/>\n<meta property=\"og:site_name\" content=\"&#039;t Hov\" \/>\n<meta name=\"twitter:card\" content=\"summary_large_image\" \/>\n<meta name=\"twitter:label1\" content=\"Dur\u00e9e de lecture estim\u00e9e\" \/>\n\t<meta name=\"twitter:data1\" content=\"3 minutes\" \/>\n<script type=\"application\/ld+json\" class=\"yoast-schema-graph\">{\"@context\":\"https:\/\/schema.org\",\"@graph\":[{\"@type\":\"WebPage\",\"@id\":\"https:\/\/thov.be\/fr\/activites\/\",\"url\":\"https:\/\/thov.be\/fr\/activites\/\",\"name\":\"Activit\u00e9s - &#039;t Hov\",\"isPartOf\":{\"@id\":\"https:\/\/thov.be\/#website\"},\"datePublished\":\"2021-05-05T14:40:13+00:00\",\"dateModified\":\"2021-05-05T14:40:13+00:00\",\"breadcrumb\":{\"@id\":\"https:\/\/thov.be\/fr\/activites\/#breadcrumb\"},\"inLanguage\":\"fr-FR\",\"potentialAction\":[{\"@type\":\"ReadAction\",\"target\":[\"https:\/\/thov.be\/fr\/activites\/\"]}]},{\"@type\":\"BreadcrumbList\",\"@id\":\"https:\/\/thov.be\/fr\/activites\/#breadcrumb\",\"itemListElement\":[{\"@type\":\"ListItem\",\"position\":1,\"name\":\"Home\",\"item\":\"https:\/\/thov.be\/fr\/\"},{\"@type\":\"ListItem\",\"position\":2,\"name\":\"Activit\u00e9s\"}]},{\"@type\":\"WebSite\",\"@id\":\"https:\/\/thov.be\/#website\",\"url\":\"https:\/\/thov.be\/\",\"name\":\"&#039;t Hov\",\"description\":\"Peacefull - nature - activity\",\"potentialAction\":[{\"@type\":\"SearchAction\",\"target\":{\"@type\":\"EntryPoint\",\"urlTemplate\":\"https:\/\/thov.be\/?s={search_term_string}\"},\"query-input\":\"required name=search_term_string\"}],\"inLanguage\":\"fr-FR\"}]}<\/script>\n<!-- \/ Yoast SEO plugin. -->","yoast_head_json":{"title":"Activit\u00e9s - &#039;t Hov","robots":{"index":"index","follow":"follow","max-snippet":"max-snippet:-1","max-image-preview":"max-image-preview:large","max-video-preview":"max-video-preview:-1"},"canonical":"https:\/\/thov.be\/fr\/activites\/","og_locale":"fr_FR","og_type":"article","og_title":"Activit\u00e9s - &#039;t Hov","og_description":"D\u00e9couvrez la r\u00e9gion. Nous vous proposons quelques suggestions.cimeti\u00e8re militaire Tyne Cot\u00a0\u00e0\u00a0Passendale\u00a0(3km)www.passchendaele.beMus\u00e9e du Fromage de la vieille fromagerie (2 km)www.deoudekaasmakerij.beparc d\u2019attraction BellewaerdeDomaine du ch\u00e2teau et mus\u00e9e comm\u00e9moratif Passendaele 1917 \u00e0 ZonnebekeMus\u00e9e in Flanders Fields\u00a0\u00e0\u00a0YpresMus\u00e9e de Hooge Crater\u00a0\u00e0\u00a0ZillebekeMus\u00e9e National du cyclisme\u00a0\u00e0 RoeselareItin\u00e9raires cyclablables, p\u00e9destres et sentiers\u00e9\u00a0questres.","og_url":"https:\/\/thov.be\/fr\/activites\/","og_site_name":"&#039;t Hov","twitter_card":"summary_large_image","twitter_misc":{"Dur\u00e9e de lecture estim\u00e9e":"3 minutes"},"schema":{"@context":"https:\/\/schema.org","@graph":[{"@type":"WebPage","@id":"https:\/\/thov.be\/fr\/activites\/","url":"https:\/\/thov.be\/fr\/activites\/","name":"Activit\u00e9s - &#039;t Hov","isPartOf":{"@id":"https:\/\/thov.be\/#website"},"datePublished":"2021-05-05T14:40:13+00:00","dateModified":"2021-05-05T14:40:13+00:00","breadcrumb":{"@id":"https:\/\/thov.be\/fr\/activites\/#breadcrumb"},"inLanguage":"fr-FR","potentialAction":[{"@type":"ReadAction","target":["https:\/\/thov.be\/fr\/activites\/"]}]},{"@type":"BreadcrumbList","@id":"https:\/\/thov.be\/fr\/activites\/#breadcrumb","itemListElement":[{"@type":"ListItem","position":1,"name":"Home","item":"https:\/\/thov.be\/fr\/"},{"@type":"ListItem","position":2,"name":"Activit\u00e9s"}]},{"@type":"WebSite","@id":"https:\/\/thov.be\/#website","url":"https:\/\/thov.be\/","name":"&#039;t Hov","description":"Peacefull - nature - activity","potentialAction":[{"@type":"SearchAction","target":{"@type":"EntryPoint","urlTemplate":"https:\/\/thov.be\/?s={search_term_string}"},"query-input":"required name=search_term_string"}],"inLanguage":"fr-FR"}]}},"_links":{"self":[{"href":"https:\/\/thov.be\/fr\/wp-json\/wp\/v2\/pages\/565"}],"collection":[{"href":"https:\/\/thov.be\/fr\/wp-json\/wp\/v2\/pages"}],"about":[{"href":"https:\/\/thov.be\/fr\/wp-json\/wp\/v2\/types\/page"}],"author":[{"embeddable":true,"href":"https:\/\/thov.be\/fr\/wp-json\/wp\/v2\/users\/1"}],"replies":[{"embeddable":true,"href":"https:\/\/thov.be\/fr\/wp-json\/wp\/v2\/comments?post=565"}],"version-history":[{"count":2,"href":"https:\/\/thov.be\/fr\/wp-json\/wp\/v2\/pages\/565\/revisions"}],"predecessor-version":[{"id":567,"href":"https:\/\/thov.be\/fr\/wp-json\/wp\/v2\/pages\/565\/revisions\/567"}],"wp:attachment":[{"href":"https:\/\/thov.be\/fr\/wp-json\/wp\/v2\/media?parent=565"}],"curies":[{"name":"wp","href":"https:\/\/api.w.org\/{rel}","templated":true}]}}