{"id":561,"date":"2021-05-05T14:34:04","date_gmt":"2021-05-05T14:34:04","guid":{"rendered":"https:\/\/thov.be\/prix-reservation\/"},"modified":"2021-05-05T14:34:05","modified_gmt":"2021-05-05T14:34:05","slug":"prix-reservation","status":"publish","type":"page","link":"https:\/\/thov.be\/fr\/prix-reservation\/","title":{"rendered":"Prix\/r\u00e9servation"},"content":{"rendered":"<p>[et_pb_section fb_built=\u00a0\u00bb1&Prime; fullwidth=\u00a0\u00bbon\u00a0\u00bb _builder_version=\u00a0\u00bb4.9.4&Prime; _module_preset=\u00a0\u00bbdefault\u00a0\u00bb background_image=\u00a0\u00bbhttps:\/\/thov.be\/wp-content\/uploads\/2021\/04\/Thov_Selectieonbewerkt-16.jpg\u00a0\u00bb custom_padding=\u00a0\u00bb0px||||false|false\u00a0\u00bb bottom_divider_flip=\u00a0\u00bbhorizontal|vertical\u00a0\u00bb][et_pb_fullwidth_header title=\u00a0\u00bbR\u00e9server\u00a0\u00bb background_overlay_color=\u00a0\u00bbrgba(13,13,13,0.06)\u00a0\u00bb _builder_version=\u00a0\u00bb4.9.4&Prime; _module_preset=\u00a0\u00bbdefault\u00a0\u00bb title_font=\u00a0\u00bb|700|||||||\u00a0\u00bb title_text_align=\u00a0\u00bbleft\u00a0\u00bb title_font_size=\u00a0\u00bb75px\u00a0\u00bb title_letter_spacing=\u00a0\u00bb3px\u00a0\u00bb title_line_height=\u00a0\u00bb1.7em\u00a0\u00bb subhead_text_align=\u00a0\u00bbcenter\u00a0\u00bb subhead_text_color=\u00a0\u00bb#FFFFFF\u00a0\u00bb subhead_font_size=\u00a0\u00bb43px\u00a0\u00bb background_enable_color=\u00a0\u00bboff\u00a0\u00bb custom_button_one=\u00a0\u00bbon\u00a0\u00bb button_one_text_color=\u00a0\u00bb#FFFFFF\u00a0\u00bb button_one_bg_color=\u00a0\u00bb#BF0436&Prime; button_one_border_width=\u00a0\u00bb0px\u00a0\u00bb button_one_icon=\u00a0\u00bb%%24%%\u00a0\u00bb button_one_custom_margin=\u00a0\u00bb50px||||false|false\u00a0\u00bb height=\u00a0\u00bb30vh\u00a0\u00bb custom_margin=\u00a0\u00bb||||false|false\u00a0\u00bb custom_padding=\u00a0\u00bb100px||||false|false\u00a0\u00bb title_font_size_tablet=\u00a0\u00bb\u00a0\u00bb title_font_size_phone=\u00a0\u00bb50px\u00a0\u00bb title_font_size_last_edited=\u00a0\u00bbon|phone\u00a0\u00bb title_text_shadow_style=\u00a0\u00bbpreset1&Prime; subhead_text_shadow_style=\u00a0\u00bbpreset1&Prime;][\/et_pb_fullwidth_header][\/et_pb_section][et_pb_section fb_built=\u00a0\u00bb1&Prime; _builder_version=\u00a0\u00bb4.9.4&Prime; _module_preset=\u00a0\u00bbdefault\u00a0\u00bb][et_pb_row column_structure=\u00a0\u00bb1_2,1_2&Prime; use_custom_gutter=\u00a0\u00bbon\u00a0\u00bb gutter_width=\u00a0\u00bb2&Prime; make_equal=\u00a0\u00bbon\u00a0\u00bb _builder_version=\u00a0\u00bb4.9.4&Prime; _module_preset=\u00a0\u00bbdefault\u00a0\u00bb][et_pb_column type=\u00a0\u00bb1_2&Prime; _builder_version=\u00a0\u00bb4.9.4&Prime; _module_preset=\u00a0\u00bbdefault\u00a0\u00bb][et_pb_blurb title=\u00a0\u00bbActions\u00a0\u00bb use_icon=\u00a0\u00bbon\u00a0\u00bb font_icon=\u00a0\u00bb%%45%%\u00a0\u00bb icon_color=\u00a0\u00bb#FFFFFF\u00a0\u00bb icon_placement=\u00a0\u00bbleft\u00a0\u00bb _builder_version=\u00a0\u00bb4.9.4&Prime; _module_preset=\u00a0\u00bbdefault\u00a0\u00bb header_level=\u00a0\u00bbh2&Prime; header_text_color=\u00a0\u00bb#FFFFFF\u00a0\u00bb body_text_color=\u00a0\u00bb#FFFFFF\u00a0\u00bb background_color=\u00a0\u00bb#730220&Prime; custom_padding=\u00a0\u00bb20px|20px|20px|20px|true|true\u00a0\u00bb border_radii=\u00a0\u00bboff|20px||20px|\u00a0\u00bb]<\/p>\n<p><strong>Promotion de lancement<\/strong><br \/>Tout au tarif basse saison + bouteille de champagne \u00e0 l&rsquo;arriv\u00e9e\u00a0<\/p>\n<p><strong>Promotion Early Booking<\/strong><br \/>15% de r\u00e9duction pour les r\u00e9servations AVANT la fin du mois de mai<\/p>\n<p>[\/et_pb_blurb][\/et_pb_column][et_pb_column type=\u00a0\u00bb1_2&Prime; _builder_version=\u00a0\u00bb4.9.4&Prime; _module_preset=\u00a0\u00bbdefault\u00a0\u00bb][et_pb_blurb title=\u00a0\u00bbCorona update\u00a0\u00bb use_icon=\u00a0\u00bbon\u00a0\u00bb font_icon=\u00a0\u00bb%%45%%\u00a0\u00bb icon_color=\u00a0\u00bb#FFFFFF\u00a0\u00bb icon_placement=\u00a0\u00bbleft\u00a0\u00bb _builder_version=\u00a0\u00bb4.9.4&Prime; _module_preset=\u00a0\u00bbdefault\u00a0\u00bb header_level=\u00a0\u00bbh2&Prime; header_text_color=\u00a0\u00bb#FFFFFF\u00a0\u00bb body_text_color=\u00a0\u00bb#FFFFFF\u00a0\u00bb background_color=\u00a0\u00bb#BF0436&Prime; custom_padding=\u00a0\u00bb20px|20px|88px|20px|false|true\u00a0\u00bb custom_padding_tablet=\u00a0\u00bb20px||20px||true|true\u00a0\u00bb custom_padding_phone=\u00a0\u00bb\u00a0\u00bb custom_padding_last_edited=\u00a0\u00bbon|desktop\u00a0\u00bb border_radii=\u00a0\u00bboff|20px||20px|\u00a0\u00bb locked=\u00a0\u00bboff\u00a0\u00bb]<\/p>\n<p><strong>Prix ajust\u00e9s<\/strong><br \/>Prix \u200b\u200badapt\u00e9s \u00e0 l&rsquo;occupation jusqu&rsquo;au 31\/05\/21<\/p>\n<p>Contactez-nous pour plus d&rsquo;informations<\/p>\n<p>[\/et_pb_blurb][\/et_pb_column][\/et_pb_row][et_pb_row column_structure=\u00a0\u00bb1_3,1_3,1_3&Prime; _builder_version=\u00a0\u00bb4.9.4&Prime; _module_preset=\u00a0\u00bbdefault\u00a0\u00bb][et_pb_column type=\u00a0\u00bb1_3&Prime; _builder_version=\u00a0\u00bb4.9.4&Prime; _module_preset=\u00a0\u00bbdefault\u00a0\u00bb][et_pb_blurb title=\u00a0\u00bbWeek end\u00a0\u00bb _builder_version=\u00a0\u00bb4.9.4&Prime; _module_preset=\u00a0\u00bbdefault\u00a0\u00bb header_level=\u00a0\u00bbh2&Prime; header_font_size=\u00a0\u00bb28px\u00a0\u00bb]<\/p>\n<p>Basse saison: \u20ac 1.550<br \/>Haute saison: \u20ac 1.750<\/p>\n<p><strong>Arriv\u00e9e<\/strong><br \/>vendredi de 16 \u00e0\u00a020 h<\/p>\n<p><strong>D\u00e9part<br \/><\/strong>dimanche soir (sur RDV) ou le lundi \u00e0\u00a010 h au plus tard\u00a0<\/p>\n<p>[\/et_pb_blurb][\/et_pb_column][et_pb_column type=\u00a0\u00bb1_3&Prime; _builder_version=\u00a0\u00bb4.9.4&Prime; _module_preset=\u00a0\u00bbdefault\u00a0\u00bb][et_pb_blurb title=\u00a0\u00bbSemaine\u00a0\u00bb _builder_version=\u00a0\u00bb4.9.4&Prime; _module_preset=\u00a0\u00bbdefault\u00a0\u00bb header_level=\u00a0\u00bbh2&Prime; header_font_size=\u00a0\u00bb28px\u00a0\u00bb locked=\u00a0\u00bboff\u00a0\u00bb]<\/p>\n<p>Basse saison: \u20ac 2.200<br \/>Haute saison: \u20ac 2.450<br \/>Semaine = 7 nuits<\/p>\n<p><strong>Arriv\u00e9e<\/strong><br \/>lundi de 16 \u00e0 20 h<\/p>\n<p><strong>D\u00e9part<br \/><\/strong>le lundi suivant \u00e0 10 h au plus tard<\/p>\n<p>[\/et_pb_blurb][\/et_pb_column][et_pb_column type=\u00a0\u00bb1_3&Prime; _builder_version=\u00a0\u00bb4.9.4&Prime; _module_preset=\u00a0\u00bbdefault\u00a0\u00bb][et_pb_blurb title=\u00a0\u00bbMilieu de Semaine\u00a0\u00bb _builder_version=\u00a0\u00bb4.9.4&Prime; _module_preset=\u00a0\u00bbdefault\u00a0\u00bb header_level=\u00a0\u00bbh2&Prime; header_font_size=\u00a0\u00bb28px\u00a0\u00bb locked=\u00a0\u00bboff\u00a0\u00bb]<\/p>\n<p>Basse saison: \u20ac 1.350<br \/>Haute saison: \u20ac 1.500<br \/>Milieu de Semaine = 4 nuits<\/p>\n<p><strong>Arriv\u00e9e<\/strong><br \/>du lundi de 16 \u00e0 20 h<\/p>\n<p><strong>D\u00e9part<br \/><\/strong>vendredi \u00e0 10 h au plus tard<\/p>\n<p>[\/et_pb_blurb][\/et_pb_column][\/et_pb_row][et_pb_row _builder_version=\u00a0\u00bb4.9.4&Prime; _module_preset=\u00a0\u00bbdefault\u00a0\u00bb][et_pb_column type=\u00a0\u00bb4_4&Prime; _builder_version=\u00a0\u00bb4.9.4&Prime; _module_preset=\u00a0\u00bbdefault\u00a0\u00bb][et_pb_text _builder_version=\u00a0\u00bb4.9.4&Prime; _module_preset=\u00a0\u00bbdefault\u00a0\u00bb]<\/p>\n<div><span lang=\"FR\">Pendant mois de juillet et Ao<\/span><span lang=\"FR\">\u00fbt location \u00e0 la semaine uniquement.<br \/>Haute saison: vacances scolaires et jours feri\u00e9s.<br \/><\/span><\/div>\n<p>[\/et_pb_text][\/et_pb_column][\/et_pb_row][et_pb_row _builder_version=\u00a0\u00bb4.9.4&Prime; _module_preset=\u00a0\u00bbdefault\u00a0\u00bb][et_pb_column type=\u00a0\u00bb4_4&Prime; _builder_version=\u00a0\u00bb4.9.4&Prime; _module_preset=\u00a0\u00bbdefault\u00a0\u00bb][wpbs_divi_single_calendar id=\u00a0\u00bb1&Prime; form_id=\u00a0\u00bb1&Prime; title=\u00a0\u00bbno\u00a0\u00bb legend_position=\u00a0\u00bbbottom\u00a0\u00bb display=\u00a0\u00bb3&Prime; dropdown=\u00a0\u00bbno\u00a0\u00bb highlighttoday=\u00a0\u00bbyes\u00a0\u00bb selection_style=\u00a0\u00bbsplit\u00a0\u00bb minimum_days=\u00a0\u00bb3&Prime; show_date_selection=\u00a0\u00bbyes\u00a0\u00bb _builder_version=\u00a0\u00bb4.9.4&Prime; _module_preset=\u00a0\u00bbdefault\u00a0\u00bb][\/wpbs_divi_single_calendar][et_pb_text _builder_version=\u00a0\u00bb4.9.4&Prime; _module_preset=\u00a0\u00bbdefault\u00a0\u00bb]<\/p>\n<p>Lors de la r\u00e9servation, vous acceptez les <a href=\"https:\/\/thov.be\/fr\/termes-et-conditions\/\" target=\"_blank\" rel=\"noopener\">termes et conditions<\/a><\/p>\n<p>[\/et_pb_text][\/et_pb_column][\/et_pb_row][\/et_pb_section]<\/p>\n","protected":false},"excerpt":{"rendered":"<p>Promotion de lancementTout au tarif basse saison + bouteille de champagne \u00e0 l&rsquo;arriv\u00e9e\u00a0 Promotion Early Booking15% de r\u00e9duction pour les r\u00e9servations AVANT la fin du mois de maiPrix ajust\u00e9sPrix \u200b\u200badapt\u00e9s \u00e0 l&rsquo;occupation jusqu&rsquo;au 31\/05\/21 Contactez-nous pour plus d&rsquo;informationsBasse saison: \u20ac 1.550Haute saison: \u20ac 1.750 Arriv\u00e9evendredi de 16 \u00e0\u00a020 h D\u00e9partdimanche soir (sur RDV) ou le [&hellip;]<\/p>\n","protected":false},"author":1,"featured_media":0,"parent":0,"menu_order":0,"comment_status":"closed","ping_status":"closed","template":"","meta":{"_et_pb_use_builder":"on","_et_pb_old_content":"","_et_gb_content_width":""},"yoast_head":"<!-- This site is optimized with the Yoast SEO plugin v19.7.1 - https:\/\/yoast.com\/wordpress\/plugins\/seo\/ -->\n<title>Prix\/r\u00e9servation - &#039;t Hov<\/title>\n<meta name=\"robots\" content=\"index, follow, max-snippet:-1, max-image-preview:large, max-video-preview:-1\" \/>\n<link rel=\"canonical\" href=\"https:\/\/thov.be\/fr\/prix-reservation\/\" \/>\n<meta property=\"og:locale\" content=\"fr_FR\" \/>\n<meta property=\"og:type\" content=\"article\" \/>\n<meta property=\"og:title\" content=\"Prix\/r\u00e9servation - &#039;t Hov\" \/>\n<meta property=\"og:description\" content=\"Promotion de lancementTout au tarif basse saison + bouteille de champagne \u00e0 l&#039;arriv\u00e9e\u00a0 Promotion Early Booking15% de r\u00e9duction pour les r\u00e9servations AVANT la fin du mois de maiPrix ajust\u00e9sPrix \u200b\u200badapt\u00e9s \u00e0 l&#039;occupation jusqu&#039;au 31\/05\/21 Contactez-nous pour plus d&#039;informationsBasse saison: \u20ac 1.550Haute saison: \u20ac 1.750 Arriv\u00e9evendredi de 16 \u00e0\u00a020 h D\u00e9partdimanche soir (sur RDV) ou le [&hellip;]\" \/>\n<meta property=\"og:url\" content=\"https:\/\/thov.be\/fr\/prix-reservation\/\" \/>\n<meta property=\"og:site_name\" content=\"&#039;t Hov\" \/>\n<meta property=\"article:modified_time\" content=\"2021-05-05T14:34:05+00:00\" \/>\n<meta name=\"twitter:card\" content=\"summary_large_image\" \/>\n<meta name=\"twitter:label1\" content=\"Dur\u00e9e de lecture estim\u00e9e\" \/>\n\t<meta name=\"twitter:data1\" content=\"3 minutes\" \/>\n<script type=\"application\/ld+json\" class=\"yoast-schema-graph\">{\"@context\":\"https:\/\/schema.org\",\"@graph\":[{\"@type\":\"WebPage\",\"@id\":\"https:\/\/thov.be\/fr\/prix-reservation\/\",\"url\":\"https:\/\/thov.be\/fr\/prix-reservation\/\",\"name\":\"Prix\/r\u00e9servation - &#039;t Hov\",\"isPartOf\":{\"@id\":\"https:\/\/thov.be\/#website\"},\"datePublished\":\"2021-05-05T14:34:04+00:00\",\"dateModified\":\"2021-05-05T14:34:05+00:00\",\"breadcrumb\":{\"@id\":\"https:\/\/thov.be\/fr\/prix-reservation\/#breadcrumb\"},\"inLanguage\":\"fr-FR\",\"potentialAction\":[{\"@type\":\"ReadAction\",\"target\":[\"https:\/\/thov.be\/fr\/prix-reservation\/\"]}]},{\"@type\":\"BreadcrumbList\",\"@id\":\"https:\/\/thov.be\/fr\/prix-reservation\/#breadcrumb\",\"itemListElement\":[{\"@type\":\"ListItem\",\"position\":1,\"name\":\"Home\",\"item\":\"https:\/\/thov.be\/fr\/\"},{\"@type\":\"ListItem\",\"position\":2,\"name\":\"Prix\/r\u00e9servation\"}]},{\"@type\":\"WebSite\",\"@id\":\"https:\/\/thov.be\/#website\",\"url\":\"https:\/\/thov.be\/\",\"name\":\"&#039;t Hov\",\"description\":\"Peacefull - nature - activity\",\"potentialAction\":[{\"@type\":\"SearchAction\",\"target\":{\"@type\":\"EntryPoint\",\"urlTemplate\":\"https:\/\/thov.be\/?s={search_term_string}\"},\"query-input\":\"required name=search_term_string\"}],\"inLanguage\":\"fr-FR\"}]}<\/script>\n<!-- \/ Yoast SEO plugin. -->","yoast_head_json":{"title":"Prix\/r\u00e9servation - &#039;t Hov","robots":{"index":"index","follow":"follow","max-snippet":"max-snippet:-1","max-image-preview":"max-image-preview:large","max-video-preview":"max-video-preview:-1"},"canonical":"https:\/\/thov.be\/fr\/prix-reservation\/","og_locale":"fr_FR","og_type":"article","og_title":"Prix\/r\u00e9servation - &#039;t Hov","og_description":"Promotion de lancementTout au tarif basse saison + bouteille de champagne \u00e0 l'arriv\u00e9e\u00a0 Promotion Early Booking15% de r\u00e9duction pour les r\u00e9servations AVANT la fin du mois de maiPrix ajust\u00e9sPrix \u200b\u200badapt\u00e9s \u00e0 l'occupation jusqu'au 31\/05\/21 Contactez-nous pour plus d'informationsBasse saison: \u20ac 1.550Haute saison: \u20ac 1.750 Arriv\u00e9evendredi de 16 \u00e0\u00a020 h D\u00e9partdimanche soir (sur RDV) ou le [&hellip;]","og_url":"https:\/\/thov.be\/fr\/prix-reservation\/","og_site_name":"&#039;t Hov","article_modified_time":"2021-05-05T14:34:05+00:00","twitter_card":"summary_large_image","twitter_misc":{"Dur\u00e9e de lecture estim\u00e9e":"3 minutes"},"schema":{"@context":"https:\/\/schema.org","@graph":[{"@type":"WebPage","@id":"https:\/\/thov.be\/fr\/prix-reservation\/","url":"https:\/\/thov.be\/fr\/prix-reservation\/","name":"Prix\/r\u00e9servation - &#039;t Hov","isPartOf":{"@id":"https:\/\/thov.be\/#website"},"datePublished":"2021-05-05T14:34:04+00:00","dateModified":"2021-05-05T14:34:05+00:00","breadcrumb":{"@id":"https:\/\/thov.be\/fr\/prix-reservation\/#breadcrumb"},"inLanguage":"fr-FR","potentialAction":[{"@type":"ReadAction","target":["https:\/\/thov.be\/fr\/prix-reservation\/"]}]},{"@type":"BreadcrumbList","@id":"https:\/\/thov.be\/fr\/prix-reservation\/#breadcrumb","itemListElement":[{"@type":"ListItem","position":1,"name":"Home","item":"https:\/\/thov.be\/fr\/"},{"@type":"ListItem","position":2,"name":"Prix\/r\u00e9servation"}]},{"@type":"WebSite","@id":"https:\/\/thov.be\/#website","url":"https:\/\/thov.be\/","name":"&#039;t Hov","description":"Peacefull - nature - activity","potentialAction":[{"@type":"SearchAction","target":{"@type":"EntryPoint","urlTemplate":"https:\/\/thov.be\/?s={search_term_string}"},"query-input":"required name=search_term_string"}],"inLanguage":"fr-FR"}]}},"_links":{"self":[{"href":"https:\/\/thov.be\/fr\/wp-json\/wp\/v2\/pages\/561"}],"collection":[{"href":"https:\/\/thov.be\/fr\/wp-json\/wp\/v2\/pages"}],"about":[{"href":"https:\/\/thov.be\/fr\/wp-json\/wp\/v2\/types\/page"}],"author":[{"embeddable":true,"href":"https:\/\/thov.be\/fr\/wp-json\/wp\/v2\/users\/1"}],"replies":[{"embeddable":true,"href":"https:\/\/thov.be\/fr\/wp-json\/wp\/v2\/comments?post=561"}],"version-history":[{"count":2,"href":"https:\/\/thov.be\/fr\/wp-json\/wp\/v2\/pages\/561\/revisions"}],"predecessor-version":[{"id":563,"href":"https:\/\/thov.be\/fr\/wp-json\/wp\/v2\/pages\/561\/revisions\/563"}],"wp:attachment":[{"href":"https:\/\/thov.be\/fr\/wp-json\/wp\/v2\/media?parent=561"}],"curies":[{"name":"wp","href":"https:\/\/api.w.org\/{rel}","templated":true}]}}