{"id":558,"date":"2021-05-05T14:10:59","date_gmt":"2021-05-05T14:10:59","guid":{"rendered":"https:\/\/thov.be\/termes-et-conditions\/"},"modified":"2022-06-24T07:39:15","modified_gmt":"2022-06-24T07:39:15","slug":"termes-et-conditions","status":"publish","type":"page","link":"https:\/\/thov.be\/fr\/termes-et-conditions\/","title":{"rendered":"Termes et conditions"},"content":{"rendered":"<p>[et_pb_section fb_built=\u00a0\u00bb1&Prime; fullwidth=\u00a0\u00bbon\u00a0\u00bb _builder_version=\u00a0\u00bb4.16&Prime; _module_preset=\u00a0\u00bbdefault\u00a0\u00bb background_image=\u00a0\u00bbhttps:\/\/thov.be\/wp-content\/uploads\/2021\/04\/Thov_Selectieonbewerkt-47-1.jpg\u00a0\u00bb custom_padding=\u00a0\u00bb0px||||false|false\u00a0\u00bb bottom_divider_flip=\u00a0\u00bbhorizontal|vertical\u00a0\u00bb global_colors_info=\u00a0\u00bb{}\u00a0\u00bb][et_pb_fullwidth_header title=\u00a0\u00bbTermes et conditions\u00a0\u00bb background_overlay_color=\u00a0\u00bbrgba(13,13,13,0.06)\u00a0\u00bb _builder_version=\u00a0\u00bb4.16&Prime; _module_preset=\u00a0\u00bbdefault\u00a0\u00bb title_font=\u00a0\u00bb|700|||||||\u00a0\u00bb title_text_align=\u00a0\u00bbleft\u00a0\u00bb title_font_size=\u00a0\u00bb75px\u00a0\u00bb title_letter_spacing=\u00a0\u00bb3px\u00a0\u00bb title_line_height=\u00a0\u00bb1.7em\u00a0\u00bb subhead_text_align=\u00a0\u00bbcenter\u00a0\u00bb subhead_text_color=\u00a0\u00bb#FFFFFF\u00a0\u00bb subhead_font_size=\u00a0\u00bb43px\u00a0\u00bb background_enable_color=\u00a0\u00bboff\u00a0\u00bb custom_button_one=\u00a0\u00bbon\u00a0\u00bb button_one_text_color=\u00a0\u00bb#FFFFFF\u00a0\u00bb button_one_bg_color=\u00a0\u00bb#BF0436&Prime; button_one_border_width=\u00a0\u00bb0px\u00a0\u00bb button_one_icon=\u00a0\u00bb&#x39;||divi||400&Prime; button_one_custom_margin=\u00a0\u00bb50px||||false|false\u00a0\u00bb height=\u00a0\u00bb30vh\u00a0\u00bb custom_margin=\u00a0\u00bb||||false|false\u00a0\u00bb custom_padding=\u00a0\u00bb100px||||false|false\u00a0\u00bb title_font_size_tablet=\u00a0\u00bb\u00a0\u00bb title_font_size_phone=\u00a0\u00bb50px\u00a0\u00bb title_font_size_last_edited=\u00a0\u00bbon|phone\u00a0\u00bb title_text_shadow_style=\u00a0\u00bbpreset1&Prime; subhead_text_shadow_style=\u00a0\u00bbpreset1&Prime; global_colors_info=\u00a0\u00bb{}\u00a0\u00bb][\/et_pb_fullwidth_header][\/et_pb_section][et_pb_section fb_built=\u00a0\u00bb1&Prime; _builder_version=\u00a0\u00bb4.16&Prime; _module_preset=\u00a0\u00bbdefault\u00a0\u00bb global_colors_info=\u00a0\u00bb{}\u00a0\u00bb][et_pb_row column_structure=\u00a0\u00bb1_5,3_5,1_5&Prime; _builder_version=\u00a0\u00bb4.16&Prime; _module_preset=\u00a0\u00bbdefault\u00a0\u00bb global_colors_info=\u00a0\u00bb{}\u00a0\u00bb][et_pb_column type=\u00a0\u00bb1_5&Prime; _builder_version=\u00a0\u00bb4.16&Prime; _module_preset=\u00a0\u00bbdefault\u00a0\u00bb global_colors_info=\u00a0\u00bb{}\u00a0\u00bb][\/et_pb_column][et_pb_column type=\u00a0\u00bb3_5&Prime; _builder_version=\u00a0\u00bb4.16&Prime; _module_preset=\u00a0\u00bbdefault\u00a0\u00bb global_colors_info=\u00a0\u00bb{}\u00a0\u00bb][et_pb_text _builder_version=\u00a0\u00bb4.17.4&Prime; _module_preset=\u00a0\u00bbdefault\u00a0\u00bb hover_enabled=\u00a0\u00bb0&Prime; global_colors_info=\u00a0\u00bb{}\u00a0\u00bb sticky_enabled=\u00a0\u00bb0&Prime;]<\/p>\n<h2>Paiement \/ reservation<\/h2>\n<p>La r\u00e9servation n\u2019est d\u00e9finitive qu\u2019apr\u00e8s r\u00e9ception d\u2019un acompte de 50% et une caution de 500\u20ac est demand\u00e9e dans les 5 jours qui suivent notre confirmation. La caution est obligatoire comme garantie.<\/p>\n<p>L\u2019acompte et la caution sont \u00e0 payer sur le compte bancaire <strong>IBAN: <span>BE63 7383 1003 0008<\/span>.<\/strong><\/p>\n<p>Le solde de la location doit \u00eatre pay\u00e9 4 semaines avant l\u2019arriv\u00e9e.<\/p>\n<h2>Le solde<\/h2>\n<p>Le solde (restant) sera rembours\u00e9 via virement bancaire, apr\u00e8s le contr\u00f4le et l\u2019inventaire du logement, au plus tard 14 jours apr\u00e8s la date de d\u00e9part.<\/p>\n<h2>Liste des invit\u00e9s<\/h2>\n<p>La liste des personnes doit \u00eatre envoy\u00e9e au moins 2 jours avant l\u2019arriv\u00e9e.<\/p>\n<h2>Annulation<\/h2>\n<ul>\n<li>Entre 7 &amp; 0 jour(s) : remboursement 100% de la location<\/li>\n<li>Entre 21 &amp; 8 jours : remboursement 50% de la location<\/li>\n<li>Entre 22 &amp; 60 jours : 500 EUR<\/li>\n<li>Apr\u00e8s 60 jours : 25 Eur de frais administratifs<\/li>\n<\/ul>\n<h2>R\u00e9ception<\/h2>\n<p>Par les propri\u00e9taires. Veuillez nous informer en cas de changement d\u2019heure d\u2019arriv\u00e9e.<\/p>\n<h2>R\u00e8glement<\/h2>\n<ul>\n<li>Non-fumeur<\/li>\n<li>Les chiens bien \u00e9lev\u00e9s sont les bienvenus sur consultation<\/li>\n<li>Organisation de f\u00eates \u2013 uniquement avec autorisation<\/li>\n<li>Respect du voisinage et des voisins<\/li>\n<\/ul>\n<p>[\/et_pb_text][\/et_pb_column][et_pb_column type=\u00a0\u00bb1_5&Prime; _builder_version=\u00a0\u00bb4.16&Prime; _module_preset=\u00a0\u00bbdefault\u00a0\u00bb global_colors_info=\u00a0\u00bb{}\u00a0\u00bb][\/et_pb_column][\/et_pb_row][\/et_pb_section]<\/p>\n","protected":false},"excerpt":{"rendered":"<p>Paiement \/ reservation La r\u00e9servation n\u2019est d\u00e9finitive qu\u2019apr\u00e8s r\u00e9ception d\u2019un acompte de 50% et une caution de 500\u20ac est demand\u00e9e dans les 5 jours qui suivent notre confirmation. La caution est obligatoire comme garantie. L\u2019acompte et la caution sont \u00e0 payer sur le compte bancaire IBAN: BE63 7383 1003 0008. Le solde de la location [&hellip;]<\/p>\n","protected":false},"author":1,"featured_media":0,"parent":0,"menu_order":0,"comment_status":"closed","ping_status":"closed","template":"","meta":{"_et_pb_use_builder":"on","_et_pb_old_content":"","_et_gb_content_width":""},"yoast_head":"<!-- This site is optimized with the Yoast SEO plugin v19.7.1 - https:\/\/yoast.com\/wordpress\/plugins\/seo\/ -->\n<title>Termes et conditions - &#039;t Hov<\/title>\n<meta name=\"robots\" content=\"index, follow, max-snippet:-1, max-image-preview:large, max-video-preview:-1\" \/>\n<link rel=\"canonical\" href=\"https:\/\/thov.be\/fr\/termes-et-conditions\/\" \/>\n<meta property=\"og:locale\" content=\"fr_FR\" \/>\n<meta property=\"og:type\" content=\"article\" \/>\n<meta property=\"og:title\" content=\"Termes et conditions - &#039;t Hov\" \/>\n<meta property=\"og:description\" content=\"Paiement \/ reservation La r\u00e9servation n\u2019est d\u00e9finitive qu\u2019apr\u00e8s r\u00e9ception d\u2019un acompte de 50% et une caution de 500\u20ac est demand\u00e9e dans les 5 jours qui suivent notre confirmation. La caution est obligatoire comme garantie. L\u2019acompte et la caution sont \u00e0 payer sur le compte bancaire IBAN: BE63 7383 1003 0008. Le solde de la location [&hellip;]\" \/>\n<meta property=\"og:url\" content=\"https:\/\/thov.be\/fr\/termes-et-conditions\/\" \/>\n<meta property=\"og:site_name\" content=\"&#039;t Hov\" \/>\n<meta property=\"article:modified_time\" content=\"2022-06-24T07:39:15+00:00\" \/>\n<meta name=\"twitter:card\" content=\"summary_large_image\" \/>\n<meta name=\"twitter:label1\" content=\"Dur\u00e9e de lecture estim\u00e9e\" \/>\n\t<meta name=\"twitter:data1\" content=\"2 minutes\" \/>\n<script type=\"application\/ld+json\" class=\"yoast-schema-graph\">{\"@context\":\"https:\/\/schema.org\",\"@graph\":[{\"@type\":\"WebPage\",\"@id\":\"https:\/\/thov.be\/fr\/termes-et-conditions\/\",\"url\":\"https:\/\/thov.be\/fr\/termes-et-conditions\/\",\"name\":\"Termes et conditions - &#039;t Hov\",\"isPartOf\":{\"@id\":\"https:\/\/thov.be\/#website\"},\"datePublished\":\"2021-05-05T14:10:59+00:00\",\"dateModified\":\"2022-06-24T07:39:15+00:00\",\"breadcrumb\":{\"@id\":\"https:\/\/thov.be\/fr\/termes-et-conditions\/#breadcrumb\"},\"inLanguage\":\"fr-FR\",\"potentialAction\":[{\"@type\":\"ReadAction\",\"target\":[\"https:\/\/thov.be\/fr\/termes-et-conditions\/\"]}]},{\"@type\":\"BreadcrumbList\",\"@id\":\"https:\/\/thov.be\/fr\/termes-et-conditions\/#breadcrumb\",\"itemListElement\":[{\"@type\":\"ListItem\",\"position\":1,\"name\":\"Home\",\"item\":\"https:\/\/thov.be\/fr\/\"},{\"@type\":\"ListItem\",\"position\":2,\"name\":\"Termes et conditions\"}]},{\"@type\":\"WebSite\",\"@id\":\"https:\/\/thov.be\/#website\",\"url\":\"https:\/\/thov.be\/\",\"name\":\"&#039;t Hov\",\"description\":\"Peacefull - nature - activity\",\"potentialAction\":[{\"@type\":\"SearchAction\",\"target\":{\"@type\":\"EntryPoint\",\"urlTemplate\":\"https:\/\/thov.be\/?s={search_term_string}\"},\"query-input\":\"required name=search_term_string\"}],\"inLanguage\":\"fr-FR\"}]}<\/script>\n<!-- \/ Yoast SEO plugin. -->","yoast_head_json":{"title":"Termes et conditions - &#039;t Hov","robots":{"index":"index","follow":"follow","max-snippet":"max-snippet:-1","max-image-preview":"max-image-preview:large","max-video-preview":"max-video-preview:-1"},"canonical":"https:\/\/thov.be\/fr\/termes-et-conditions\/","og_locale":"fr_FR","og_type":"article","og_title":"Termes et conditions - &#039;t Hov","og_description":"Paiement \/ reservation La r\u00e9servation n\u2019est d\u00e9finitive qu\u2019apr\u00e8s r\u00e9ception d\u2019un acompte de 50% et une caution de 500\u20ac est demand\u00e9e dans les 5 jours qui suivent notre confirmation. La caution est obligatoire comme garantie. L\u2019acompte et la caution sont \u00e0 payer sur le compte bancaire IBAN: BE63 7383 1003 0008. Le solde de la location [&hellip;]","og_url":"https:\/\/thov.be\/fr\/termes-et-conditions\/","og_site_name":"&#039;t Hov","article_modified_time":"2022-06-24T07:39:15+00:00","twitter_card":"summary_large_image","twitter_misc":{"Dur\u00e9e de lecture estim\u00e9e":"2 minutes"},"schema":{"@context":"https:\/\/schema.org","@graph":[{"@type":"WebPage","@id":"https:\/\/thov.be\/fr\/termes-et-conditions\/","url":"https:\/\/thov.be\/fr\/termes-et-conditions\/","name":"Termes et conditions - &#039;t Hov","isPartOf":{"@id":"https:\/\/thov.be\/#website"},"datePublished":"2021-05-05T14:10:59+00:00","dateModified":"2022-06-24T07:39:15+00:00","breadcrumb":{"@id":"https:\/\/thov.be\/fr\/termes-et-conditions\/#breadcrumb"},"inLanguage":"fr-FR","potentialAction":[{"@type":"ReadAction","target":["https:\/\/thov.be\/fr\/termes-et-conditions\/"]}]},{"@type":"BreadcrumbList","@id":"https:\/\/thov.be\/fr\/termes-et-conditions\/#breadcrumb","itemListElement":[{"@type":"ListItem","position":1,"name":"Home","item":"https:\/\/thov.be\/fr\/"},{"@type":"ListItem","position":2,"name":"Termes et conditions"}]},{"@type":"WebSite","@id":"https:\/\/thov.be\/#website","url":"https:\/\/thov.be\/","name":"&#039;t Hov","description":"Peacefull - nature - activity","potentialAction":[{"@type":"SearchAction","target":{"@type":"EntryPoint","urlTemplate":"https:\/\/thov.be\/?s={search_term_string}"},"query-input":"required name=search_term_string"}],"inLanguage":"fr-FR"}]}},"_links":{"self":[{"href":"https:\/\/thov.be\/fr\/wp-json\/wp\/v2\/pages\/558"}],"collection":[{"href":"https:\/\/thov.be\/fr\/wp-json\/wp\/v2\/pages"}],"about":[{"href":"https:\/\/thov.be\/fr\/wp-json\/wp\/v2\/types\/page"}],"author":[{"embeddable":true,"href":"https:\/\/thov.be\/fr\/wp-json\/wp\/v2\/users\/1"}],"replies":[{"embeddable":true,"href":"https:\/\/thov.be\/fr\/wp-json\/wp\/v2\/comments?post=558"}],"version-history":[{"count":4,"href":"https:\/\/thov.be\/fr\/wp-json\/wp\/v2\/pages\/558\/revisions"}],"predecessor-version":[{"id":974,"href":"https:\/\/thov.be\/fr\/wp-json\/wp\/v2\/pages\/558\/revisions\/974"}],"wp:attachment":[{"href":"https:\/\/thov.be\/fr\/wp-json\/wp\/v2\/media?parent=558"}],"curies":[{"name":"wp","href":"https:\/\/api.w.org\/{rel}","templated":true}]}}