{"id":532,"date":"2021-05-05T13:57:34","date_gmt":"2021-05-05T13:57:34","guid":{"rendered":"https:\/\/thov.be\/?page_id=532"},"modified":"2022-06-23T09:25:36","modified_gmt":"2022-06-23T09:25:36","slug":"thov","status":"publish","type":"page","link":"https:\/\/thov.be\/fr\/","title":{"rendered":"thov"},"content":{"rendered":"<p>[et_pb_section fb_built=\u00a0\u00bb1&Prime; fullwidth=\u00a0\u00bbon\u00a0\u00bb _builder_version=\u00a0\u00bb4.17.4&Prime; _module_preset=\u00a0\u00bbdefault\u00a0\u00bb background_image=\u00a0\u00bbhttps:\/\/thov.be\/wp-content\/uploads\/2022\/06\/thov-living.jpg\u00a0\u00bb bottom_divider_flip=\u00a0\u00bbhorizontal|vertical\u00a0\u00bb hover_enabled=\u00a0\u00bb0&Prime; global_colors_info=\u00a0\u00bb{}\u00a0\u00bb title_text=\u00a0\u00bbthov-living\u00a0\u00bb sticky_enabled=\u00a0\u00bb0&Prime;][et_pb_fullwidth_header title=\u00a0\u00bb&lsquo;t Hov\u00a0\u00bb subhead=\u00a0\u00bbpeacefull &#8211; nature &#8211; activity\u00a0\u00bb text_orientation=\u00a0\u00bbcenter\u00a0\u00bb button_one_text=\u00a0\u00bbR\u00e9server\u00a0\u00bb button_one_url=\u00a0\u00bb@ET-DC@eyJkeW5hbWljIjp0cnVlLCJjb250ZW50IjoicG9zdF9saW5rX3VybF9wYWdlIiwic2V0dGluZ3MiOnsicG9zdF9pZCI6IjY1OSJ9fQ==@\u00a0\u00bb background_overlay_color=\u00a0\u00bbrgba(13,13,13,0.05)\u00a0\u00bb _builder_version=\u00a0\u00bb4.16&Prime; _dynamic_attributes=\u00a0\u00bbbutton_one_url\u00a0\u00bb _module_preset=\u00a0\u00bbdefault\u00a0\u00bb title_font=\u00a0\u00bb|700|||||||\u00a0\u00bb title_text_align=\u00a0\u00bbcenter\u00a0\u00bb title_font_size=\u00a0\u00bb100px\u00a0\u00bb title_letter_spacing=\u00a0\u00bb3px\u00a0\u00bb title_line_height=\u00a0\u00bb1.7em\u00a0\u00bb subhead_text_align=\u00a0\u00bbcenter\u00a0\u00bb subhead_text_color=\u00a0\u00bb#FFFFFF\u00a0\u00bb subhead_font_size=\u00a0\u00bb31px\u00a0\u00bb background_enable_color=\u00a0\u00bboff\u00a0\u00bb custom_button_one=\u00a0\u00bbon\u00a0\u00bb button_one_text_color=\u00a0\u00bb#FFFFFF\u00a0\u00bb button_one_bg_color=\u00a0\u00bb#BF0436&Prime; button_one_border_width=\u00a0\u00bb0px\u00a0\u00bb button_one_icon=\u00a0\u00bb&#x24;||divi||400&Prime; button_one_custom_margin=\u00a0\u00bb50px||||false|false\u00a0\u00bb min_height=\u00a0\u00bb541px\u00a0\u00bb height=\u00a0\u00bb50vh\u00a0\u00bb height_tablet=\u00a0\u00bb\u00a0\u00bb height_phone=\u00a0\u00bb60vh\u00a0\u00bb height_last_edited=\u00a0\u00bbon|phone\u00a0\u00bb custom_padding=\u00a0\u00bb61px||||false|false\u00a0\u00bb custom_padding_tablet=\u00a0\u00bb\u00a0\u00bb custom_padding_phone=\u00a0\u00bb0px||||false|false\u00a0\u00bb custom_padding_last_edited=\u00a0\u00bbon|desktop\u00a0\u00bb title_font_size_tablet=\u00a0\u00bb\u00a0\u00bb title_font_size_phone=\u00a0\u00bb99px\u00a0\u00bb title_font_size_last_edited=\u00a0\u00bbon|phone\u00a0\u00bb title_text_shadow_style=\u00a0\u00bbpreset1&Prime; subhead_text_shadow_style=\u00a0\u00bbpreset1&Prime; global_colors_info=\u00a0\u00bb{}\u00a0\u00bb][\/et_pb_fullwidth_header][\/et_pb_section][et_pb_section fb_built=\u00a0\u00bb1&Prime; _builder_version=\u00a0\u00bb4.16&Prime; _module_preset=\u00a0\u00bbdefault\u00a0\u00bb global_colors_info=\u00a0\u00bb{}\u00a0\u00bb][et_pb_row column_structure=\u00a0\u00bb3_5,2_5&Prime; _builder_version=\u00a0\u00bb4.16&Prime; _module_preset=\u00a0\u00bbdefault\u00a0\u00bb global_colors_info=\u00a0\u00bb{}\u00a0\u00bb][et_pb_column type=\u00a0\u00bb3_5&Prime; _builder_version=\u00a0\u00bb4.16&Prime; _module_preset=\u00a0\u00bbdefault\u00a0\u00bb global_colors_info=\u00a0\u00bb{}\u00a0\u00bb][et_pb_text _builder_version=\u00a0\u00bb4.16&Prime; _module_preset=\u00a0\u00bbdefault\u00a0\u00bb global_colors_info=\u00a0\u00bb{}\u00a0\u00bb]<\/p>\n<h2>Maison de vacances &lsquo;t Hov<\/h2>\n<p>C\u2019est \u00e0 Passendale, <strong>symbole international de la violence de la 1\u00e8re guerre mondiale sous sa forme la plus horrible, que se trouve \u2019T Hov.<\/strong> <span>\u00a0<\/span>C\u2019est ici en 1917 que la bataille de Passendale eut lieu. Le r\u00e9sultat a \u00e9t\u00e9 catastrophique\/lamentable. <span>\u00a0<\/span>Pr\u00e8s de 600 000 victimes y p\u00e9rirent dans les deux camps pour un gain de territoire de seulement 8 km.<\/p>\n<p>Ce n\u2019est que vers les ann\u00e9es 1700 que \u2019T Hov trouve son origine, depuis toujours comme une petite ferme o\u00f9 les gens travaillaient dur tous les jours, aussi bien dans qu\u2019en dehors du champ.<\/p>\n<p>Les choses ont mal tourn\u00e9 dans la r\u00e9gion autour de Passendale pendant la 1\u00e8re guerre mondiale. La ferme a \u00e9t\u00e9 compl\u00e8tement d\u00e9truite par les bombardements. Cependant, la famille n\u2019a pas abandonn\u00e9 et a totalement reconstruit.<\/p>\n<p>Vers 1977, la ferme est pass\u00e9e de p\u00e8re en fils et dans les ann\u00e9es suivantes 2 filles sont n\u00e9es aussi dans la famille. Pour ces jeunes filles il \u00e9tait normal de trouver tr\u00e8s souvent pendant leur enfance <span>\u00a0\u00a0<\/span>de vieilles bombes et de vieilles douilles de la guerre pass\u00e9e et de jouer avec.<\/p>\n<p>Cela ne sera que plus tard que les 2 s\u0153urs r\u00e9alis\u00e8rent qu\u2019elles s\u2019amusaient avec des jouets pas tr\u00e8s \u201cnormaux\u201d<\/p>\n<p>Aujourd\u2019hui, des ann\u00e9es plus tard, la ferme s\u2019est transform\u00e9e en ce qu\u2019elle est devenue aujourd\u2019hui : une belle maison de vacances situ\u00e9e au calme, et o\u00f9 nous esp\u00e9rons qu\u2019il y aura encore pendant de nombreuses ann\u00e9es des familles, des amis, des clubs sportifs, \u2026.pour y <span>\u00a0<\/span>vivre de beaux moments, l\u00e0 o\u00f9 il y avait autrefois tant de souffrance.<\/p>\n<p>C\u2019est avec grand plaisir que \u201cT Hov vous pr\u00e9sente au moyen de ce petit folder tout ce qu\u2019il peut vous offrir et aux bons moments agr\u00e9ables que vous pourriez passer dans cette belle r\u00e9gion qu\u2019est Passendale et ses alentours.<\/p>\n<p>Nous vous souhaitons un s\u00e9jour rempli de calme, nature &amp; plaisir !<\/p>\n<p>[\/et_pb_text][\/et_pb_column][et_pb_column type=\u00a0\u00bb2_5&Prime; _builder_version=\u00a0\u00bb4.16&Prime; _module_preset=\u00a0\u00bbdefault\u00a0\u00bb global_colors_info=\u00a0\u00bb{}\u00a0\u00bb][et_pb_image src=\u00a0\u00bbhttps:\/\/thov.be\/wp-content\/uploads\/2022\/06\/thov-inkom.jpg\u00a0\u00bb title_text=\u00a0\u00bbthov-inkom\u00a0\u00bb _builder_version=\u00a0\u00bb4.17.4&Prime; _module_preset=\u00a0\u00bbdefault\u00a0\u00bb hover_enabled=\u00a0\u00bb0&Prime; global_colors_info=\u00a0\u00bb{}\u00a0\u00bb sticky_enabled=\u00a0\u00bb0&Prime;][\/et_pb_image][\/et_pb_column][\/et_pb_row][et_pb_row _builder_version=\u00a0\u00bb4.16&Prime; _module_preset=\u00a0\u00bbdefault\u00a0\u00bb global_colors_info=\u00a0\u00bb{}\u00a0\u00bb][et_pb_column type=\u00a0\u00bb4_4&Prime; _builder_version=\u00a0\u00bb4.16&Prime; _module_preset=\u00a0\u00bbdefault\u00a0\u00bb global_colors_info=\u00a0\u00bb{}\u00a0\u00bb][et_pb_image src=\u00a0\u00bbhttps:\/\/thov.be\/wp-content\/uploads\/2022\/06\/thov-buiten.jpg\u00a0\u00bb title_text=\u00a0\u00bbthov-buiten\u00a0\u00bb _builder_version=\u00a0\u00bb4.17.4&Prime; _module_preset=\u00a0\u00bbdefault\u00a0\u00bb custom_margin=\u00a0\u00bb||-1px|||\u00a0\u00bb hover_enabled=\u00a0\u00bb0&Prime; global_colors_info=\u00a0\u00bb{}\u00a0\u00bb force_fullwidth=\u00a0\u00bbon\u00a0\u00bb sticky_enabled=\u00a0\u00bb0&Prime;][\/et_pb_image][et_pb_cta title=\u00a0\u00bbViens profiter\u00a0\u00bb button_url=\u00a0\u00bb@ET-DC@eyJkeW5hbWljIjp0cnVlLCJjb250ZW50IjoicG9zdF9saW5rX3VybF9wYWdlIiwic2V0dGluZ3MiOnsicG9zdF9pZCI6IjE1NiJ9fQ==@\u00a0\u00bb button_text=\u00a0\u00bbR\u00e9server\u00a0\u00bb _builder_version=\u00a0\u00bb4.16&Prime; _dynamic_attributes=\u00a0\u00bbbutton_url,link_option_url\u00a0\u00bb _module_preset=\u00a0\u00bbdefault\u00a0\u00bb background_enable_color=\u00a0\u00bboff\u00a0\u00bb use_background_color_gradient=\u00a0\u00bbon\u00a0\u00bb background_color_gradient_stops=\u00a0\u00bbrgba(13,13,13,0.79) 0%|rgba(13,13,13,0.77) 100%\u00a0\u00bb background_color_gradient_overlays_image=\u00a0\u00bbon\u00a0\u00bb background_color_gradient_start=\u00a0\u00bbrgba(13,13,13,0.79)\u00a0\u00bb background_color_gradient_end=\u00a0\u00bbrgba(13,13,13,0.77)\u00a0\u00bb background_image=\u00a0\u00bbhttps:\/\/thov.be\/wp-content\/uploads\/2021\/04\/Thov_Selectieonbewerkt-32.jpg\u00a0\u00bb link_option_url=\u00a0\u00bb@ET-DC@eyJkeW5hbWljIjp0cnVlLCJjb250ZW50IjoicG9zdF9saW5rX3VybF9wYWdlIiwic2V0dGluZ3MiOnsicG9zdF9pZCI6IjE1NiJ9fQ==@\u00a0\u00bb saved_tabs=\u00a0\u00bball\u00a0\u00bb global_colors_info=\u00a0\u00bb{}\u00a0\u00bb]<\/p>\n<p><span>\u00e9chapper \u00e0 l&rsquo;agitation pendant un moment et profiter de la bienheureuse Passchendaele. D\u00e9tendez-vous en famille et d\u00e9couvrez l&rsquo;environnement riche et plein d&rsquo;activit\u00e9s pour petits et grands.<\/span><\/p>\n<p>[\/et_pb_cta][\/et_pb_column][\/et_pb_row][\/et_pb_section]<\/p>\n","protected":false},"excerpt":{"rendered":"<p>Maison de vacances &lsquo;t Hov C\u2019est \u00e0 Passendale, symbole international de la violence de la 1\u00e8re guerre mondiale sous sa forme la plus horrible, que se trouve \u2019T Hov. \u00a0C\u2019est ici en 1917 que la bataille de Passendale eut lieu. Le r\u00e9sultat a \u00e9t\u00e9 catastrophique\/lamentable. \u00a0Pr\u00e8s de 600 000 victimes y p\u00e9rirent dans les deux [&hellip;]<\/p>\n","protected":false},"author":1,"featured_media":0,"parent":0,"menu_order":0,"comment_status":"closed","ping_status":"closed","template":"","meta":{"_et_pb_use_builder":"on","_et_pb_old_content":"[et_pb_section fb_built=\"1\" fullwidth=\"on\" _builder_version=\"4.9.4\" _module_preset=\"default\" background_image=\"https:\/\/thov.be\/wp-content\/uploads\/2021\/04\/Thov_Selectieonbewerkt-47.jpg\" bottom_divider_flip=\"horizontal|vertical\"][et_pb_fullwidth_header title=\"'t Hov\" subhead=\"peacefull - nature - activity\" text_orientation=\"center\" button_one_text=\"Reserveren\" button_one_url=\"@ET-DC@eyJkeW5hbWljIjp0cnVlLCJjb250ZW50IjoicG9zdF9saW5rX3VybF9wYWdlIiwic2V0dGluZ3MiOnsicG9zdF9pZCI6IjE1NiJ9fQ==@\" background_overlay_color=\"rgba(13,13,13,0.05)\" _builder_version=\"4.9.4\" _dynamic_attributes=\"button_one_url\" _module_preset=\"default\" title_font=\"|700|||||||\" title_text_align=\"center\" title_font_size=\"100px\" title_letter_spacing=\"3px\" title_line_height=\"1.7em\" subhead_text_align=\"center\" subhead_text_color=\"#FFFFFF\" subhead_font_size=\"31px\" background_enable_color=\"off\" custom_button_one=\"on\" button_one_text_color=\"#FFFFFF\" button_one_bg_color=\"#BF0436\" button_one_border_width=\"0px\" button_one_icon=\"%%3%%\" button_one_custom_margin=\"50px||||false|false\" min_height=\"541px\" height=\"50vh\" height_tablet=\"\" height_phone=\"60vh\" height_last_edited=\"on|phone\" custom_padding=\"61px||||false|false\" custom_padding_tablet=\"\" custom_padding_phone=\"0px||||false|false\" custom_padding_last_edited=\"on|desktop\" title_font_size_tablet=\"\" title_font_size_phone=\"99px\" title_font_size_last_edited=\"on|phone\" title_text_shadow_style=\"preset1\" subhead_text_shadow_style=\"preset1\"][\/et_pb_fullwidth_header][\/et_pb_section][et_pb_section fb_built=\"1\" _builder_version=\"4.9.4\" _module_preset=\"default\"][et_pb_row column_structure=\"3_5,2_5\" _builder_version=\"4.9.4\" _module_preset=\"default\"][et_pb_column type=\"3_5\" _builder_version=\"4.9.4\" _module_preset=\"default\"][et_pb_text _builder_version=\"4.9.4\" _module_preset=\"default\"]\n<h2>Vakantiewoning 't Hov<\/h2>\nIn Passendale, <strong>een internationaal symbool voor het oorlogsgeweld in de eerste wereldoorlog in zijn meest gruwelijke vorm, ligt \u2019t Hov.&nbsp; In 1917 vond hier de Slag van Passendale plaats.<\/strong> Het resultaat was bedroevend. Na 100 dagen was slechts een terreinwinst geboekt van acht kilometer. De kostprijs was enorm: meer dan 600.000 slachtoffers aan beide zijden.\n\nHet is echter al van rond de jaren 1700 dat \u2019t Hov zijn oorsprong kent, toen nog wel als een boerderijtje waar er elke dag opnieuw hard werd gewerkt, op en naast het veld.\n\nHet ging er in de streek rond Passendale tijdens WO I hevig aan toe. Ook de boerderij moest eraan geloven en werd volledig platgebombardeerd. De familie bleef evenwel niet bij de pakken zitten en bouwde ze volledig terug op.\n\nRond 1977 ging de boerderij over van vader op zoon en werden in de jaren hierop ook 2 dochters geboren in het gezin. De jonge meisjes vonden het gedurende hun kindertijd niet meer dan normaal dat ze op en rond de boerderij vaak oude bommen terugvonden en dat ze speelden met hulzen van kogels uit vervlogen oorlogstijden.\nHet was pas op latere leeftijd dat de zussen beseften dat dit niet het meest normale speelgoed was.\n\nVandaag, zoveel jaren later is de boerderij omgevormd tot wat het vandaag geworden is: een mooi, rustig gelegen vakantiehuis waar er hopelijk nog heel veel jaren gezinnen, vrienden, sportclubs, \u2026 leuke momenten mogen beleven, op de plaats waar er ooit zoveel leed aanwezig was.\n\nHet is dan ook met heel veel plezier dat \u2019T Hov op deze pagina al een klein beetje aan jullie kan worden voorgesteld en waarbij er alvast kan worden weggedroomd van vele aangename momenten in de prachtige streek die Passendale en omgeving is.\n\nWij wensen u een verblijf vol rust, natuur en plezier!\n\n[\/et_pb_text][\/et_pb_column][et_pb_column type=\"2_5\" _builder_version=\"4.9.4\" _module_preset=\"default\"][et_pb_image src=\"https:\/\/thov.be\/wp-content\/uploads\/2021\/04\/Thov_Selectieonbewerkt-35.jpg\" title_text=\"Thov_Selectieonbewerkt-35\" _builder_version=\"4.9.4\" _module_preset=\"default\"][\/et_pb_image][\/et_pb_column][\/et_pb_row][et_pb_row _builder_version=\"4.9.4\" _module_preset=\"default\"][et_pb_column type=\"4_4\" _builder_version=\"4.9.4\" _module_preset=\"default\"][et_pb_image src=\"https:\/\/thov.be\/wp-content\/uploads\/2021\/05\/Thov_exterieur.jpg\" _builder_version=\"4.9.4\" _module_preset=\"default\" title_text=\"Thov_exterieur\" hover_enabled=\"0\" sticky_enabled=\"0\" custom_margin=\"||-1px|||\"][\/et_pb_image][et_pb_cta title=\"Kom even genieten.\" button_url=\"@ET-DC@eyJkeW5hbWljIjp0cnVlLCJjb250ZW50IjoicG9zdF9saW5rX3VybF9wYWdlIiwic2V0dGluZ3MiOnsicG9zdF9pZCI6IjE1NiJ9fQ==@\" button_text=\"Reserveer nu\" _builder_version=\"4.9.4\" _dynamic_attributes=\"button_url,link_option_url\" _module_preset=\"default\" background_enable_color=\"off\" use_background_color_gradient=\"on\" background_color_gradient_start=\"rgba(13,13,13,0.79)\" background_color_gradient_end=\"rgba(13,13,13,0.77)\" background_color_gradient_overlays_image=\"on\" background_image=\"https:\/\/thov.be\/wp-content\/uploads\/2021\/04\/Thov_Selectieonbewerkt-32.jpg\" link_option_url=\"@ET-DC@eyJkeW5hbWljIjp0cnVlLCJjb250ZW50IjoicG9zdF9saW5rX3VybF9wYWdlIiwic2V0dGluZ3MiOnsicG9zdF9pZCI6IjE1NiJ9fQ==@\" global_module=\"122\" saved_tabs=\"all\"]\n\nOntsnap even aan de drukte en geniet van het zalige Passendale. Ontspan samen met uw familie en ontdek de rijke omgeving boordevol activiteiten voor jong en oud.\n\n[\/et_pb_cta][\/et_pb_column][\/et_pb_row][\/et_pb_section]","_et_gb_content_width":""},"yoast_head":"<!-- This site is optimized with the Yoast SEO plugin v19.7.1 - https:\/\/yoast.com\/wordpress\/plugins\/seo\/ -->\n<title>thov - &#039;t Hov<\/title>\n<meta name=\"robots\" content=\"index, follow, max-snippet:-1, max-image-preview:large, max-video-preview:-1\" \/>\n<link rel=\"canonical\" href=\"https:\/\/thov.be\/fr\/\" \/>\n<meta property=\"og:locale\" content=\"fr_FR\" \/>\n<meta property=\"og:type\" content=\"article\" \/>\n<meta property=\"og:title\" content=\"thov - &#039;t Hov\" \/>\n<meta property=\"og:description\" content=\"Maison de vacances &#039;t Hov C\u2019est \u00e0 Passendale, symbole international de la violence de la 1\u00e8re guerre mondiale sous sa forme la plus horrible, que se trouve \u2019T Hov. \u00a0C\u2019est ici en 1917 que la bataille de Passendale eut lieu. Le r\u00e9sultat a \u00e9t\u00e9 catastrophique\/lamentable. \u00a0Pr\u00e8s de 600 000 victimes y p\u00e9rirent dans les deux [&hellip;]\" \/>\n<meta property=\"og:url\" content=\"https:\/\/thov.be\/fr\/\" \/>\n<meta property=\"og:site_name\" content=\"&#039;t Hov\" \/>\n<meta property=\"article:modified_time\" content=\"2022-06-23T09:25:36+00:00\" \/>\n<meta name=\"twitter:card\" content=\"summary_large_image\" \/>\n<meta name=\"twitter:label1\" content=\"Dur\u00e9e de lecture estim\u00e9e\" \/>\n\t<meta name=\"twitter:data1\" content=\"2 minutes\" \/>\n<script type=\"application\/ld+json\" class=\"yoast-schema-graph\">{\"@context\":\"https:\/\/schema.org\",\"@graph\":[{\"@type\":\"WebPage\",\"@id\":\"https:\/\/thov.be\/fr\/\",\"url\":\"https:\/\/thov.be\/fr\/\",\"name\":\"thov - &#039;t Hov\",\"isPartOf\":{\"@id\":\"https:\/\/thov.be\/#website\"},\"datePublished\":\"2021-05-05T13:57:34+00:00\",\"dateModified\":\"2022-06-23T09:25:36+00:00\",\"breadcrumb\":{\"@id\":\"https:\/\/thov.be\/fr\/#breadcrumb\"},\"inLanguage\":\"fr-FR\",\"potentialAction\":[{\"@type\":\"ReadAction\",\"target\":[\"https:\/\/thov.be\/fr\/\"]}]},{\"@type\":\"BreadcrumbList\",\"@id\":\"https:\/\/thov.be\/fr\/#breadcrumb\",\"itemListElement\":[{\"@type\":\"ListItem\",\"position\":1,\"name\":\"Home\",\"item\":\"https:\/\/thov.be\/fr\/\"},{\"@type\":\"ListItem\",\"position\":2,\"name\":\"thov\"}]},{\"@type\":\"WebSite\",\"@id\":\"https:\/\/thov.be\/#website\",\"url\":\"https:\/\/thov.be\/\",\"name\":\"&#039;t Hov\",\"description\":\"Peacefull - nature - activity\",\"potentialAction\":[{\"@type\":\"SearchAction\",\"target\":{\"@type\":\"EntryPoint\",\"urlTemplate\":\"https:\/\/thov.be\/?s={search_term_string}\"},\"query-input\":\"required name=search_term_string\"}],\"inLanguage\":\"fr-FR\"}]}<\/script>\n<!-- \/ Yoast SEO plugin. -->","yoast_head_json":{"title":"thov - &#039;t Hov","robots":{"index":"index","follow":"follow","max-snippet":"max-snippet:-1","max-image-preview":"max-image-preview:large","max-video-preview":"max-video-preview:-1"},"canonical":"https:\/\/thov.be\/fr\/","og_locale":"fr_FR","og_type":"article","og_title":"thov - &#039;t Hov","og_description":"Maison de vacances 't Hov C\u2019est \u00e0 Passendale, symbole international de la violence de la 1\u00e8re guerre mondiale sous sa forme la plus horrible, que se trouve \u2019T Hov. \u00a0C\u2019est ici en 1917 que la bataille de Passendale eut lieu. Le r\u00e9sultat a \u00e9t\u00e9 catastrophique\/lamentable. \u00a0Pr\u00e8s de 600 000 victimes y p\u00e9rirent dans les deux [&hellip;]","og_url":"https:\/\/thov.be\/fr\/","og_site_name":"&#039;t Hov","article_modified_time":"2022-06-23T09:25:36+00:00","twitter_card":"summary_large_image","twitter_misc":{"Dur\u00e9e de lecture estim\u00e9e":"2 minutes"},"schema":{"@context":"https:\/\/schema.org","@graph":[{"@type":"WebPage","@id":"https:\/\/thov.be\/fr\/","url":"https:\/\/thov.be\/fr\/","name":"thov - &#039;t Hov","isPartOf":{"@id":"https:\/\/thov.be\/#website"},"datePublished":"2021-05-05T13:57:34+00:00","dateModified":"2022-06-23T09:25:36+00:00","breadcrumb":{"@id":"https:\/\/thov.be\/fr\/#breadcrumb"},"inLanguage":"fr-FR","potentialAction":[{"@type":"ReadAction","target":["https:\/\/thov.be\/fr\/"]}]},{"@type":"BreadcrumbList","@id":"https:\/\/thov.be\/fr\/#breadcrumb","itemListElement":[{"@type":"ListItem","position":1,"name":"Home","item":"https:\/\/thov.be\/fr\/"},{"@type":"ListItem","position":2,"name":"thov"}]},{"@type":"WebSite","@id":"https:\/\/thov.be\/#website","url":"https:\/\/thov.be\/","name":"&#039;t Hov","description":"Peacefull - nature - activity","potentialAction":[{"@type":"SearchAction","target":{"@type":"EntryPoint","urlTemplate":"https:\/\/thov.be\/?s={search_term_string}"},"query-input":"required name=search_term_string"}],"inLanguage":"fr-FR"}]}},"_links":{"self":[{"href":"https:\/\/thov.be\/fr\/wp-json\/wp\/v2\/pages\/532"}],"collection":[{"href":"https:\/\/thov.be\/fr\/wp-json\/wp\/v2\/pages"}],"about":[{"href":"https:\/\/thov.be\/fr\/wp-json\/wp\/v2\/types\/page"}],"author":[{"embeddable":true,"href":"https:\/\/thov.be\/fr\/wp-json\/wp\/v2\/users\/1"}],"replies":[{"embeddable":true,"href":"https:\/\/thov.be\/fr\/wp-json\/wp\/v2\/comments?post=532"}],"version-history":[{"count":10,"href":"https:\/\/thov.be\/fr\/wp-json\/wp\/v2\/pages\/532\/revisions"}],"predecessor-version":[{"id":787,"href":"https:\/\/thov.be\/fr\/wp-json\/wp\/v2\/pages\/532\/revisions\/787"}],"wp:attachment":[{"href":"https:\/\/thov.be\/fr\/wp-json\/wp\/v2\/media?parent=532"}],"curies":[{"name":"wp","href":"https:\/\/api.w.org\/{rel}","templated":true}]}}